{"id":2705,"date":"2015-05-18T15:53:14","date_gmt":"2015-05-18T15:53:14","guid":{"rendered":"http:\/\/turronessirvent.com\/ca\/historia-de-turrones-sirvent\/"},"modified":"2025-07-01T10:07:21","modified_gmt":"2025-07-01T08:07:21","slug":"historia","status":"publish","type":"page","link":"https:\/\/turronessirvent.com\/ca\/historia\/","title":{"rendered":"HISTORIA"},"content":{"rendered":"<p style=\"text-align: justify;\">La hist\u00f2ria de la nostra empresa es remunta sobre l&#8217;any 1920, en el qual <strong>D. Tom\u00e1s Sirvent Planelles<\/strong>, fabricant de torr\u00f3 a Xixona, es va establir a Barcelona en ple Barri G\u00f2tic de la ciutat, concretament al carrer Freixures, al costat del mercat de Santa Caterina.<\/p>\n<p style=\"text-align: justify;\">Posteriorment, l&#8217;any 1943, <strong>D. Tom\u00e1s Sirvent Pla<\/strong>, fill de l&#8217;anterior, es va traslladar a l&#8217;actual domicili de la nostra empresa al carrer Parlament al c\u00e8ntric Eixample Barcelon\u00ed, diversificant a trav\u00e9s dels anys la nostra oferta fins a obtenir una reputaci\u00f3 en orxata, gelats, granissats i torrons.<\/p>\n<p style=\"text-align: justify;\">Ara per ara la nostra empresa disposa d&#8217;un equip hum\u00e0 format per 12 persones, a les quals cal sumar els que treballen a la nostra factoria de Xixona, encarregada d&#8217;elaborar de forma artesanal dels torrons que comercialitzem amb el nom de <strong>Orchateria &#8211; Turroneria Sirvent de Barcelona<\/strong>. En aquest sentit oferim als nostres clients un ampli ventall de torrons artesans.<\/p>\n<p style=\"text-align: justify;\"><img decoding=\"async\" class=\"alignright size-full wp-image-825\" src=\"https:\/\/turronessirvent.com\/wp-content\/uploads\/2015\/05\/historia.png\" alt=\"historia\" width=\"169\" height=\"136\" srcset=\"https:\/\/turronessirvent.com\/wp-content\/uploads\/2015\/05\/historia-147x118.png 147w, https:\/\/turronessirvent.com\/wp-content\/uploads\/2015\/05\/historia.png 169w\" sizes=\"(max-width: 169px) 100vw, 169px\" \/>La qualitat i la fabricaci\u00f3 artesanal han estat sempre l&#8217;estendard de la nostra empresa, tant \u00e9s aix\u00ed que exportem torrons als cinc continents, gr\u00e0cies a que els nostres clients envien als seus familiars els nostres productes. Tamb\u00e9 preparem diversos lots i regals d&#8217;empresa. El respecte al gust ia la metodologia tradicional s&#8217;han convertit en la millor publicitat de la nostra empresa, que durant m\u00e9s de vuitanta anys ha sabut fer-se un espai en el cor de Barcelona.<\/p>\n<p>En l&#8217;actualitat l&#8217;establiment es troba regentat per Ivonne Sirvent, filla de Tom\u00e1s Sirvent Pla conjuntament amb el seu marit Jos\u00e9 Antonio Mullor i el fill d&#8217;aquests, D\u00eddac Mullor Sirvent, n\u00e9t de Tom\u00e1s Sirvent Pla, qui representa la quarta generaci\u00f3 d&#8217;aquesta fam\u00edlia d&#8217;aut\u00e8ntics mestres orxaters i torroners de Xixona.<\/p>\n<p>&nbsp;<\/p>\n<div class=\"video-shortcode\"><iframe title=\"\u00bfC\u00f3mo empez\u00f3 toda la historia de Sirvent? \u00bfDe d\u00f3nde viene la tradici\u00f3n?\" width=\"1200\" height=\"675\" src=\"https:\/\/www.youtube.com\/embed\/cSQPkp7bhUs?feature=oembed\" frameborder=\"0\" allow=\"accelerometer; autoplay; clipboard-write; encrypted-media; gyroscope; picture-in-picture; web-share\" referrerpolicy=\"strict-origin-when-cross-origin\" allowfullscreen><\/iframe><\/div>\n","protected":false},"excerpt":{"rendered":"<p>La hist\u00f2ria de la nostra empresa es remunta sobre l&#8217;any  [&#8230;]<\/p>\n","protected":false},"author":11,"featured_media":821,"parent":0,"menu_order":0,"comment_status":"open","ping_status":"open","template":"100-width.php","meta":{"footnotes":""},"class_list":["post-2705","page","type-page","status-publish","has-post-thumbnail","hentry"],"_links":{"self":[{"href":"https:\/\/turronessirvent.com\/ca\/wp-json\/wp\/v2\/pages\/2705","targetHints":{"allow":["GET"]}}],"collection":[{"href":"https:\/\/turronessirvent.com\/ca\/wp-json\/wp\/v2\/pages"}],"about":[{"href":"https:\/\/turronessirvent.com\/ca\/wp-json\/wp\/v2\/types\/page"}],"author":[{"embeddable":true,"href":"https:\/\/turronessirvent.com\/ca\/wp-json\/wp\/v2\/users\/11"}],"replies":[{"embeddable":true,"href":"https:\/\/turronessirvent.com\/ca\/wp-json\/wp\/v2\/comments?post=2705"}],"version-history":[{"count":8,"href":"https:\/\/turronessirvent.com\/ca\/wp-json\/wp\/v2\/pages\/2705\/revisions"}],"predecessor-version":[{"id":9808,"href":"https:\/\/turronessirvent.com\/ca\/wp-json\/wp\/v2\/pages\/2705\/revisions\/9808"}],"wp:featuredmedia":[{"embeddable":true,"href":"https:\/\/turronessirvent.com\/ca\/wp-json\/wp\/v2\/media\/821"}],"wp:attachment":[{"href":"https:\/\/turronessirvent.com\/ca\/wp-json\/wp\/v2\/media?parent=2705"}],"curies":[{"name":"wp","href":"https:\/\/api.w.org\/{rel}","templated":true}]}}