{"id":2722,"date":"2015-05-18T16:14:17","date_gmt":"2015-05-18T16:14:17","guid":{"rendered":"http:\/\/turronessirvent.com\/ca\/elaboracion-del-turron\/"},"modified":"2023-11-22T09:55:17","modified_gmt":"2023-11-22T08:55:17","slug":"elaboracio","status":"publish","type":"page","link":"https:\/\/turronessirvent.com\/ca\/elaboracio\/","title":{"rendered":"ELABORACI\u00d3"},"content":{"rendered":"<p style=\"text-align: justify;\"><img decoding=\"async\" class=\"alignright size-medium wp-image-972\" src=\"https:\/\/turronessirvent.com\/wp-content\/uploads\/2015\/05\/IMG_1001-225x300.jpg\" alt=\"IMG_1001\" width=\"225\" height=\"300\" srcset=\"https:\/\/turronessirvent.com\/wp-content\/uploads\/2015\/05\/IMG_1001-225x300.jpg 225w, https:\/\/turronessirvent.com\/wp-content\/uploads\/2015\/05\/IMG_1001-600x800.jpg 600w, https:\/\/turronessirvent.com\/wp-content\/uploads\/2015\/05\/IMG_1001-768x1024.jpg 768w, https:\/\/turronessirvent.com\/wp-content\/uploads\/2015\/05\/IMG_1001.jpg 1536w\" sizes=\"(max-width: 225px) 100vw, 225px\" \/><strong>Som artesans del torr\u00f3 des de l&#8217;any 1920<\/strong>, vuitanta-cinc anys d&#8217;experi\u00e8ncia ens avalen, per garantir que els nostres torrons s\u00f3n d&#8217;una qualitat suprema.<\/p>\n<p>La seva fabricaci\u00f3 es realitza amb la millor mat\u00e8ria primera d&#8217;aquest sector, <strong>ametlla marcona seleccionada i aut\u00e8ntica mel de roman\u00ed<\/strong>. El proc\u00e9s d&#8217;aquesta elaboraci\u00f3 \u00e9s totalment artesanal, de fet som l&#8217;\u00fanica torroneria de Barcelona que tenim <strong>f\u00e0brica pr\u00f2pia situada a XIXONA<\/strong>. Utilitzem les f\u00f3rmules i processos d&#8217;elaboraci\u00f3 que hem heretat dels nostres avantpassats durant segles.<\/p>\n<p>El nostre producte i dedicaci\u00f3 ens ha perm\u00e8s satisfer els nostres clients d&#8217;una manera immillorable, amb la qual cosa ens comprometem amb els nostres clients a proporcionar-los un torr\u00f3 de qualitat suprema i totalment artesanal.<\/p>\n","protected":false},"excerpt":{"rendered":"<p>Som artesans del torr\u00f3 des de l&#8217;any 1920, vuitanta-cinc anys  [&#8230;]<\/p>\n","protected":false},"author":11,"featured_media":0,"parent":0,"menu_order":0,"comment_status":"open","ping_status":"open","template":"","meta":{"footnotes":""},"class_list":["post-2722","page","type-page","status-publish","hentry"],"_links":{"self":[{"href":"https:\/\/turronessirvent.com\/ca\/wp-json\/wp\/v2\/pages\/2722","targetHints":{"allow":["GET"]}}],"collection":[{"href":"https:\/\/turronessirvent.com\/ca\/wp-json\/wp\/v2\/pages"}],"about":[{"href":"https:\/\/turronessirvent.com\/ca\/wp-json\/wp\/v2\/types\/page"}],"author":[{"embeddable":true,"href":"https:\/\/turronessirvent.com\/ca\/wp-json\/wp\/v2\/users\/11"}],"replies":[{"embeddable":true,"href":"https:\/\/turronessirvent.com\/ca\/wp-json\/wp\/v2\/comments?post=2722"}],"version-history":[{"count":2,"href":"https:\/\/turronessirvent.com\/ca\/wp-json\/wp\/v2\/pages\/2722\/revisions"}],"predecessor-version":[{"id":2729,"href":"https:\/\/turronessirvent.com\/ca\/wp-json\/wp\/v2\/pages\/2722\/revisions\/2729"}],"wp:attachment":[{"href":"https:\/\/turronessirvent.com\/ca\/wp-json\/wp\/v2\/media?parent=2722"}],"curies":[{"name":"wp","href":"https:\/\/api.w.org\/{rel}","templated":true}]}}