{"id":6770,"date":"2020-10-16T07:00:55","date_gmt":"2020-10-16T05:00:55","guid":{"rendered":"https:\/\/turronessirvent.com\/tienda\/comprar-turron-de-jijona-fino\/"},"modified":"2025-12-20T17:39:02","modified_gmt":"2025-12-20T16:39:02","slug":"comprar-online-torro-de-xixona-fi","status":"publish","type":"product","link":"https:\/\/turronessirvent.com\/ca\/tienda\/comprar-online-torro-de-xixona-fi\/","title":{"rendered":"Torr\u00f3 de Xixona fi"},"content":{"rendered":"<p>\u00c9s un dels torrons cl\u00e0ssics m\u00e9s demandats, s&#8217;elabora amb ametlles torrades i mel.<\/p>\n<p>\u00c9s l&#8217;\u00fanic torr\u00f3 que passa pel &#8220;boixet&#8221; per barrejar la mel i les ametlles torrades.<\/p>\n<p>Es subministra en format de 420gr i 620gr.<\/p>\n<p>Aquests pesos s\u00f3n aproximats ja que al tractar-se d&#8217;torrons elaborats artesanalment no es poden mesurar els talls amb exactitud<\/p>\n","protected":false},"excerpt":{"rendered":"<h2>Torr\u00f3 de Xixona fi artes\u00e0. Una aut\u00e8ntica temptaci\u00f3!<\/h2>\n<p>\u00c9s el torr\u00f3 cl\u00e0ssic per excel\u00b7l\u00e8ncia, s&#8217;elabora amb ametlles torrades i mel.<\/p>\n<p>Disponible en format de 420gr i de 620gr.<\/p>\n","protected":false},"featured_media":4619,"comment_status":"open","ping_status":"closed","template":"","meta":[],"product_brand":[],"product_cat":[132],"product_tag":[],"class_list":{"0":"post-6770","1":"product","2":"type-product","3":"status-publish","4":"has-post-thumbnail","6":"product_cat-torrons-classics","8":"first","9":"outofstock","10":"featured","11":"shipping-taxable","12":"purchasable","13":"product-type-variable"},"_links":{"self":[{"href":"https:\/\/turronessirvent.com\/ca\/wp-json\/wp\/v2\/product\/6770","targetHints":{"allow":["GET"]}}],"collection":[{"href":"https:\/\/turronessirvent.com\/ca\/wp-json\/wp\/v2\/product"}],"about":[{"href":"https:\/\/turronessirvent.com\/ca\/wp-json\/wp\/v2\/types\/product"}],"replies":[{"embeddable":true,"href":"https:\/\/turronessirvent.com\/ca\/wp-json\/wp\/v2\/comments?post=6770"}],"wp:featuredmedia":[{"embeddable":true,"href":"https:\/\/turronessirvent.com\/ca\/wp-json\/wp\/v2\/media\/4619"}],"wp:attachment":[{"href":"https:\/\/turronessirvent.com\/ca\/wp-json\/wp\/v2\/media?parent=6770"}],"wp:term":[{"taxonomy":"product_brand","embeddable":true,"href":"https:\/\/turronessirvent.com\/ca\/wp-json\/wp\/v2\/product_brand?post=6770"},{"taxonomy":"product_cat","embeddable":true,"href":"https:\/\/turronessirvent.com\/ca\/wp-json\/wp\/v2\/product_cat?post=6770"},{"taxonomy":"product_tag","embeddable":true,"href":"https:\/\/turronessirvent.com\/ca\/wp-json\/wp\/v2\/product_tag?post=6770"}],"curies":[{"name":"wp","href":"https:\/\/api.w.org\/{rel}","templated":true}]}}