{"id":6803,"date":"2020-10-16T07:00:57","date_gmt":"2020-10-16T05:00:57","guid":{"rendered":"https:\/\/turronessirvent.com\/tienda\/comprar-turron-duro-de-alicante\/"},"modified":"2025-12-20T17:39:02","modified_gmt":"2025-12-20T16:39:02","slug":"comprar-torro-d-alacant-dur-online","status":"publish","type":"product","link":"https:\/\/turronessirvent.com\/ca\/tienda\/comprar-torro-d-alacant-dur-online\/","title":{"rendered":"Torr\u00f3 d&#8217;Alacant"},"content":{"rendered":"<p>Elaborat amb ametlla marcona de primer\u00edssima qualitat i la millor mel de roman\u00ed.<\/p>\n<p>Un producte molt especial que far\u00e0 les seves del\u00edcies a qualsevol hora del dia.<\/p>\n<p>Elaborat en dos formats de 420gr i de 620gr.<\/p>\n<p>La nostra elaboraci\u00f3 artesanal i el proc\u00e9s de tall no permet mesurar amb exactitud els pesos de cada porci\u00f3 d&#8217;aquest magn\u00edfic torr\u00f3 d&#8217;Alacant.<\/p>\n","protected":false},"excerpt":{"rendered":"<h2>Torr\u00f3 d&#8217;Alacant amb les millors ametlles<\/h2>\n<p>Popularment conegut com &#8220;torr\u00f3 dur&#8221;.<\/p>\n<p>Elaborat en format de 420gr i de 620gr.<\/p>\n","protected":false},"featured_media":7018,"comment_status":"open","ping_status":"closed","template":"","meta":[],"product_brand":[],"product_cat":[132],"product_tag":[],"class_list":{"0":"post-6803","1":"product","2":"type-product","3":"status-publish","4":"has-post-thumbnail","6":"product_cat-torrons-classics","8":"first","9":"outofstock","10":"featured","11":"shipping-taxable","12":"purchasable","13":"product-type-variable"},"_links":{"self":[{"href":"https:\/\/turronessirvent.com\/ca\/wp-json\/wp\/v2\/product\/6803","targetHints":{"allow":["GET"]}}],"collection":[{"href":"https:\/\/turronessirvent.com\/ca\/wp-json\/wp\/v2\/product"}],"about":[{"href":"https:\/\/turronessirvent.com\/ca\/wp-json\/wp\/v2\/types\/product"}],"replies":[{"embeddable":true,"href":"https:\/\/turronessirvent.com\/ca\/wp-json\/wp\/v2\/comments?post=6803"}],"wp:featuredmedia":[{"embeddable":true,"href":"https:\/\/turronessirvent.com\/ca\/wp-json\/wp\/v2\/media\/7018"}],"wp:attachment":[{"href":"https:\/\/turronessirvent.com\/ca\/wp-json\/wp\/v2\/media?parent=6803"}],"wp:term":[{"taxonomy":"product_brand","embeddable":true,"href":"https:\/\/turronessirvent.com\/ca\/wp-json\/wp\/v2\/product_brand?post=6803"},{"taxonomy":"product_cat","embeddable":true,"href":"https:\/\/turronessirvent.com\/ca\/wp-json\/wp\/v2\/product_cat?post=6803"},{"taxonomy":"product_tag","embeddable":true,"href":"https:\/\/turronessirvent.com\/ca\/wp-json\/wp\/v2\/product_tag?post=6803"}],"curies":[{"name":"wp","href":"https:\/\/api.w.org\/{rel}","templated":true}]}}