{"id":6815,"date":"2020-10-16T07:00:56","date_gmt":"2020-10-16T05:00:56","guid":{"rendered":"https:\/\/turronessirvent.com\/tienda\/comprar-turron-de-yema-tostada\/"},"modified":"2025-12-20T17:41:51","modified_gmt":"2025-12-20T16:41:51","slug":"comprar-torro-de-crema-cremada","status":"publish","type":"product","link":"https:\/\/turronessirvent.com\/ca\/tienda\/comprar-torro-de-crema-cremada\/","title":{"rendered":"Torr\u00f3 de crema cremada"},"content":{"rendered":"<p>La producci\u00f3 d&#8217;aquest delici\u00f3s torr\u00f3 \u00e9s di\u00e0ria, ja que per donar-li la textura id\u00f2nia el cremat del sucre es fa di\u00e0riament per evitar que es ressequi.<\/p>\n<p>Disponible en format de 420gr i de 620gr aproximadament.<\/p>\n","protected":false},"excerpt":{"rendered":"<h2>Torr\u00f3 de crema cremada d&#8217;ou i sucre<\/h2>\n<p>Elaborat amb rovell d&#8217;ou natural i sucre de primera qualitat.<\/p>\n<p>Disponible en format de 420gr i 620gr aproximadament.<\/p>\n","protected":false},"featured_media":7022,"comment_status":"open","ping_status":"closed","template":"","meta":[],"product_brand":[],"product_cat":[150],"product_tag":[],"class_list":{"0":"post-6815","1":"product","2":"type-product","3":"status-publish","4":"has-post-thumbnail","6":"product_cat-torrons-artesans","8":"first","9":"instock","10":"featured","11":"shipping-taxable","12":"purchasable","13":"product-type-variable"},"_links":{"self":[{"href":"https:\/\/turronessirvent.com\/ca\/wp-json\/wp\/v2\/product\/6815","targetHints":{"allow":["GET"]}}],"collection":[{"href":"https:\/\/turronessirvent.com\/ca\/wp-json\/wp\/v2\/product"}],"about":[{"href":"https:\/\/turronessirvent.com\/ca\/wp-json\/wp\/v2\/types\/product"}],"replies":[{"embeddable":true,"href":"https:\/\/turronessirvent.com\/ca\/wp-json\/wp\/v2\/comments?post=6815"}],"wp:featuredmedia":[{"embeddable":true,"href":"https:\/\/turronessirvent.com\/ca\/wp-json\/wp\/v2\/media\/7022"}],"wp:attachment":[{"href":"https:\/\/turronessirvent.com\/ca\/wp-json\/wp\/v2\/media?parent=6815"}],"wp:term":[{"taxonomy":"product_brand","embeddable":true,"href":"https:\/\/turronessirvent.com\/ca\/wp-json\/wp\/v2\/product_brand?post=6815"},{"taxonomy":"product_cat","embeddable":true,"href":"https:\/\/turronessirvent.com\/ca\/wp-json\/wp\/v2\/product_cat?post=6815"},{"taxonomy":"product_tag","embeddable":true,"href":"https:\/\/turronessirvent.com\/ca\/wp-json\/wp\/v2\/product_tag?post=6815"}],"curies":[{"name":"wp","href":"https:\/\/api.w.org\/{rel}","templated":true}]}}