{"id":6827,"date":"2020-10-16T07:00:56","date_gmt":"2020-10-16T05:00:56","guid":{"rendered":"https:\/\/turronessirvent.com\/tienda\/comprar-turron-de-mazapan-con-frutas\/"},"modified":"2025-12-20T17:39:05","modified_gmt":"2025-12-20T16:39:05","slug":"comprar-torro-de-massapa-amb-fruites","status":"publish","type":"product","link":"https:\/\/turronessirvent.com\/ca\/tienda\/comprar-torro-de-massapa-amb-fruites\/","title":{"rendered":"Torr\u00f3 de massap\u00e0 amb fruites"},"content":{"rendered":"<p>Exquisit torr\u00f3 elaborat amb fruites seleccionades pr\u00e8viament confitades que s&#8217;afegeixen al massap\u00e0 que elaborem de Xixona.<\/p>\n<p>Cont\u00e9: Carbassa, S\u00edndria i Cireres.<\/p>\n<p>Disponible en format de 420gr i de 620gr aproximadament.<\/p>\n","protected":false},"excerpt":{"rendered":"<h2>Torr\u00f3 de massap\u00e0 amb fruites seleccionades i confitades<\/h2>\n<p>Exquisit torr\u00f3 elaborat amb el nostre massap\u00e0 tradicional de Xixona, a qui li afegim fruites seleccionades pr\u00e8viament confitades.<\/p>\n<p>Disponible en format de 420gr i de 620gr aproximadament.<\/p>\n","protected":false},"featured_media":7038,"comment_status":"open","ping_status":"closed","template":"","meta":[],"product_brand":[],"product_cat":[150],"product_tag":[],"class_list":{"0":"post-6827","1":"product","2":"type-product","3":"status-publish","4":"has-post-thumbnail","6":"product_cat-torrons-artesans","8":"first","9":"outofstock","10":"featured","11":"shipping-taxable","12":"purchasable","13":"product-type-variable"},"_links":{"self":[{"href":"https:\/\/turronessirvent.com\/ca\/wp-json\/wp\/v2\/product\/6827","targetHints":{"allow":["GET"]}}],"collection":[{"href":"https:\/\/turronessirvent.com\/ca\/wp-json\/wp\/v2\/product"}],"about":[{"href":"https:\/\/turronessirvent.com\/ca\/wp-json\/wp\/v2\/types\/product"}],"replies":[{"embeddable":true,"href":"https:\/\/turronessirvent.com\/ca\/wp-json\/wp\/v2\/comments?post=6827"}],"wp:featuredmedia":[{"embeddable":true,"href":"https:\/\/turronessirvent.com\/ca\/wp-json\/wp\/v2\/media\/7038"}],"wp:attachment":[{"href":"https:\/\/turronessirvent.com\/ca\/wp-json\/wp\/v2\/media?parent=6827"}],"wp:term":[{"taxonomy":"product_brand","embeddable":true,"href":"https:\/\/turronessirvent.com\/ca\/wp-json\/wp\/v2\/product_brand?post=6827"},{"taxonomy":"product_cat","embeddable":true,"href":"https:\/\/turronessirvent.com\/ca\/wp-json\/wp\/v2\/product_cat?post=6827"},{"taxonomy":"product_tag","embeddable":true,"href":"https:\/\/turronessirvent.com\/ca\/wp-json\/wp\/v2\/product_tag?post=6827"}],"curies":[{"name":"wp","href":"https:\/\/api.w.org\/{rel}","templated":true}]}}