{"id":6854,"date":"2020-10-16T07:00:56","date_gmt":"2020-10-16T05:00:56","guid":{"rendered":"https:\/\/turronessirvent.com\/tienda\/comprar-turron-de-chocolate-negro\/"},"modified":"2024-10-17T07:41:01","modified_gmt":"2024-10-17T05:41:01","slug":"comprar-torro-de-xocolata-negre","status":"publish","type":"product","link":"https:\/\/turronessirvent.com\/ca\/tienda\/comprar-torro-de-xocolata-negre\/","title":{"rendered":"Torr\u00f3 de xocolata negra"},"content":{"rendered":"<p>Aquest torr\u00f3 de xocolata es barreja amb les nostres millors ametlles per atorgar-li un delici\u00f3s sabor amb un toc amarg que li aporten un sabor molt caracter\u00edstic.<\/p>\n<p>Aquest torr\u00f3 es pot comprar en format de 420gr i de 620gr.<\/p>\n","protected":false},"excerpt":{"rendered":"<h2>Torr\u00f3 de xocolata negra de la millor qualitat<\/h2>\n<p>El torr\u00f3 de xocolata negra est\u00e0 elaborat amb xocolates seleccionades de qualitat superior.<\/p>\n<p>Aquest torr\u00f3 es pot comprar en format de 420gr i de 620gr.<\/p>\n","protected":false},"featured_media":7070,"comment_status":"open","ping_status":"closed","template":"","meta":[],"product_brand":[],"product_cat":[150],"product_tag":[],"class_list":{"0":"post-6854","1":"product","2":"type-product","3":"status-publish","4":"has-post-thumbnail","6":"product_cat-torrons-artesans","8":"first","9":"instock","10":"featured","11":"shipping-taxable","12":"purchasable","13":"product-type-variable"},"_links":{"self":[{"href":"https:\/\/turronessirvent.com\/ca\/wp-json\/wp\/v2\/product\/6854","targetHints":{"allow":["GET"]}}],"collection":[{"href":"https:\/\/turronessirvent.com\/ca\/wp-json\/wp\/v2\/product"}],"about":[{"href":"https:\/\/turronessirvent.com\/ca\/wp-json\/wp\/v2\/types\/product"}],"replies":[{"embeddable":true,"href":"https:\/\/turronessirvent.com\/ca\/wp-json\/wp\/v2\/comments?post=6854"}],"wp:featuredmedia":[{"embeddable":true,"href":"https:\/\/turronessirvent.com\/ca\/wp-json\/wp\/v2\/media\/7070"}],"wp:attachment":[{"href":"https:\/\/turronessirvent.com\/ca\/wp-json\/wp\/v2\/media?parent=6854"}],"wp:term":[{"taxonomy":"product_brand","embeddable":true,"href":"https:\/\/turronessirvent.com\/ca\/wp-json\/wp\/v2\/product_brand?post=6854"},{"taxonomy":"product_cat","embeddable":true,"href":"https:\/\/turronessirvent.com\/ca\/wp-json\/wp\/v2\/product_cat?post=6854"},{"taxonomy":"product_tag","embeddable":true,"href":"https:\/\/turronessirvent.com\/ca\/wp-json\/wp\/v2\/product_tag?post=6854"}],"curies":[{"name":"wp","href":"https:\/\/api.w.org\/{rel}","templated":true}]}}