{"id":6866,"date":"2020-10-16T07:00:57","date_gmt":"2020-10-16T05:00:57","guid":{"rendered":"https:\/\/turronessirvent.com\/tienda\/comprar-turron-terronico\/"},"modified":"2024-10-17T07:40:55","modified_gmt":"2024-10-17T05:40:55","slug":"comprar-torro-terronico","status":"publish","type":"product","link":"https:\/\/turronessirvent.com\/ca\/tienda\/comprar-torro-terronico\/","title":{"rendered":"Torr\u00f3 terronico"},"content":{"rendered":"<p>Est\u00e0 elaborat amb mel molt caramel\u00b7litzada a la qual se li afegeixen ametlles seleccionades amb pell i s\u00e8sam.<\/p>\n<p>Es presenta en dues cruixents tauletes.<\/p>\n<p>Disponible en format de 400 g. aproximadament<\/p>\n","protected":false},"excerpt":{"rendered":"<h2>Torr\u00f3 terronico amb un cruixir delici\u00f3s<\/h2>\n<p>Potser un dels nostres torrons artesans m\u00e9s especials amb mel, que li d\u00f3na aquest cruixit tan especial gr\u00e0cies al proc\u00e9s de caramel\u00b7litzaci\u00f3.<\/p>\n","protected":false},"featured_media":7086,"comment_status":"open","ping_status":"closed","template":"","meta":[],"product_brand":[],"product_cat":[150],"product_tag":[],"class_list":{"0":"post-6866","1":"product","2":"type-product","3":"status-publish","4":"has-post-thumbnail","6":"product_cat-torrons-artesans","8":"first","9":"outofstock","10":"featured","11":"shipping-taxable","12":"purchasable","13":"product-type-simple"},"_links":{"self":[{"href":"https:\/\/turronessirvent.com\/ca\/wp-json\/wp\/v2\/product\/6866","targetHints":{"allow":["GET"]}}],"collection":[{"href":"https:\/\/turronessirvent.com\/ca\/wp-json\/wp\/v2\/product"}],"about":[{"href":"https:\/\/turronessirvent.com\/ca\/wp-json\/wp\/v2\/types\/product"}],"replies":[{"embeddable":true,"href":"https:\/\/turronessirvent.com\/ca\/wp-json\/wp\/v2\/comments?post=6866"}],"wp:featuredmedia":[{"embeddable":true,"href":"https:\/\/turronessirvent.com\/ca\/wp-json\/wp\/v2\/media\/7086"}],"wp:attachment":[{"href":"https:\/\/turronessirvent.com\/ca\/wp-json\/wp\/v2\/media?parent=6866"}],"wp:term":[{"taxonomy":"product_brand","embeddable":true,"href":"https:\/\/turronessirvent.com\/ca\/wp-json\/wp\/v2\/product_brand?post=6866"},{"taxonomy":"product_cat","embeddable":true,"href":"https:\/\/turronessirvent.com\/ca\/wp-json\/wp\/v2\/product_cat?post=6866"},{"taxonomy":"product_tag","embeddable":true,"href":"https:\/\/turronessirvent.com\/ca\/wp-json\/wp\/v2\/product_tag?post=6866"}],"curies":[{"name":"wp","href":"https:\/\/api.w.org\/{rel}","templated":true}]}}