{"id":6885,"date":"2020-10-16T07:00:56","date_gmt":"2020-10-16T05:00:56","guid":{"rendered":"https:\/\/turronessirvent.com\/tienda\/comprar-turron-de-mazapan-con-nueces\/"},"modified":"2025-12-20T17:39:05","modified_gmt":"2025-12-20T16:39:05","slug":"comprar-torro-de-massapa-amb-nous","status":"publish","type":"product","link":"https:\/\/turronessirvent.com\/ca\/tienda\/comprar-torro-de-massapa-amb-nous\/","title":{"rendered":"Torr\u00f3 de Massap\u00e0 amb Nous"},"content":{"rendered":"<p>El torr\u00f3 de massap\u00e0 amb nous \u00e9s un dels nostres sabors m\u00e9s especials, s&#8217;afegeix als sabors de canyella i llimona la combinaci\u00f3 de les nous el que li d\u00f3na un gust indescriptible.<\/p>\n<p>Es pot comprar un format de 420gr i de 620gr aproximadament.<\/p>\n","protected":false},"excerpt":{"rendered":"<h2>Torr\u00f3 de massap\u00e0 amb nous de la millor qualitat<\/h2>\n<p>Varietat del nostre torr\u00f3 artes\u00e0 de Massap\u00e0 al qual se li afegeixen nous de la millor qualitat.<\/p>\n<p>Es pot comprar un format de 420gr i de 620gr aproximadament.<\/p>\n","protected":false},"featured_media":7118,"comment_status":"open","ping_status":"closed","template":"","meta":[],"product_brand":[],"product_cat":[150],"product_tag":[],"class_list":{"0":"post-6885","1":"product","2":"type-product","3":"status-publish","4":"has-post-thumbnail","6":"product_cat-torrons-artesans","8":"first","9":"outofstock","10":"featured","11":"shipping-taxable","12":"purchasable","13":"product-type-variable"},"_links":{"self":[{"href":"https:\/\/turronessirvent.com\/ca\/wp-json\/wp\/v2\/product\/6885","targetHints":{"allow":["GET"]}}],"collection":[{"href":"https:\/\/turronessirvent.com\/ca\/wp-json\/wp\/v2\/product"}],"about":[{"href":"https:\/\/turronessirvent.com\/ca\/wp-json\/wp\/v2\/types\/product"}],"replies":[{"embeddable":true,"href":"https:\/\/turronessirvent.com\/ca\/wp-json\/wp\/v2\/comments?post=6885"}],"wp:featuredmedia":[{"embeddable":true,"href":"https:\/\/turronessirvent.com\/ca\/wp-json\/wp\/v2\/media\/7118"}],"wp:attachment":[{"href":"https:\/\/turronessirvent.com\/ca\/wp-json\/wp\/v2\/media?parent=6885"}],"wp:term":[{"taxonomy":"product_brand","embeddable":true,"href":"https:\/\/turronessirvent.com\/ca\/wp-json\/wp\/v2\/product_brand?post=6885"},{"taxonomy":"product_cat","embeddable":true,"href":"https:\/\/turronessirvent.com\/ca\/wp-json\/wp\/v2\/product_cat?post=6885"},{"taxonomy":"product_tag","embeddable":true,"href":"https:\/\/turronessirvent.com\/ca\/wp-json\/wp\/v2\/product_tag?post=6885"}],"curies":[{"name":"wp","href":"https:\/\/api.w.org\/{rel}","templated":true}]}}