{"id":6898,"date":"2020-10-16T07:00:57","date_gmt":"2020-10-16T05:00:57","guid":{"rendered":"https:\/\/turronessirvent.com\/tienda\/comprar-turron-de-guirlache\/"},"modified":"2025-12-20T17:39:08","modified_gmt":"2025-12-20T16:39:08","slug":"comprar-torro-de-crocant","status":"publish","type":"product","link":"https:\/\/turronessirvent.com\/ca\/tienda\/comprar-torro-de-crocant\/","title":{"rendered":"Torr\u00f3 de Crocant"},"content":{"rendered":"<p>El sabor d&#8217;aquest torr\u00f3 de Crocant \u00e9s molt especial, el sorprendr\u00e0.<\/p>\n<p>Es presenta en format de 420gr i de 620gr aproximadament.<\/p>\n","protected":false},"excerpt":{"rendered":"<h2>Torr\u00f3 de Crocant: el sorprendr\u00e0 el seu sabor<\/h2>\n<p>Segurament el m\u00e9s desconegut entre els nostres torrons cl\u00e0ssics per\u00f2 no per aix\u00f2 menys delici\u00f3s.<\/p>\n<p>El torr\u00f3 de crocant s&#8217;elabora amb ametlles i mel molt torrada per a proporcionar una textura molt cruixent.<\/p>\n","protected":false},"featured_media":7134,"comment_status":"open","ping_status":"closed","template":"","meta":[],"product_brand":[],"product_cat":[132],"product_tag":[],"class_list":{"0":"post-6898","1":"product","2":"type-product","3":"status-publish","4":"has-post-thumbnail","6":"product_cat-torrons-classics","8":"first","9":"outofstock","10":"featured","11":"shipping-taxable","12":"purchasable","13":"product-type-variable"},"_links":{"self":[{"href":"https:\/\/turronessirvent.com\/ca\/wp-json\/wp\/v2\/product\/6898","targetHints":{"allow":["GET"]}}],"collection":[{"href":"https:\/\/turronessirvent.com\/ca\/wp-json\/wp\/v2\/product"}],"about":[{"href":"https:\/\/turronessirvent.com\/ca\/wp-json\/wp\/v2\/types\/product"}],"replies":[{"embeddable":true,"href":"https:\/\/turronessirvent.com\/ca\/wp-json\/wp\/v2\/comments?post=6898"}],"wp:featuredmedia":[{"embeddable":true,"href":"https:\/\/turronessirvent.com\/ca\/wp-json\/wp\/v2\/media\/7134"}],"wp:attachment":[{"href":"https:\/\/turronessirvent.com\/ca\/wp-json\/wp\/v2\/media?parent=6898"}],"wp:term":[{"taxonomy":"product_brand","embeddable":true,"href":"https:\/\/turronessirvent.com\/ca\/wp-json\/wp\/v2\/product_brand?post=6898"},{"taxonomy":"product_cat","embeddable":true,"href":"https:\/\/turronessirvent.com\/ca\/wp-json\/wp\/v2\/product_cat?post=6898"},{"taxonomy":"product_tag","embeddable":true,"href":"https:\/\/turronessirvent.com\/ca\/wp-json\/wp\/v2\/product_tag?post=6898"}],"curies":[{"name":"wp","href":"https:\/\/api.w.org\/{rel}","templated":true}]}}