{"id":6918,"date":"2020-10-16T07:00:57","date_gmt":"2020-10-16T05:00:57","guid":{"rendered":"https:\/\/turronessirvent.com\/tienda\/comprar-glorias-y-yemas-de-mazapan\/"},"modified":"2024-10-17T07:40:59","modified_gmt":"2024-10-17T05:40:59","slug":"comprar-glories-i-gemmes","status":"publish","type":"product","link":"https:\/\/turronessirvent.com\/ca\/tienda\/comprar-glories-i-gemmes\/","title":{"rendered":"Gl\u00f2ries i Gemmes"},"content":{"rendered":"<h3>Comprar Gl\u00f2ries i Gemmes de massap\u00e0 artesanals<\/h3>\n<p>Es subministra en caixes de 500gr.<\/p>\n","protected":false},"excerpt":{"rendered":"<h2>Excel\u00b7lents Gl\u00f2ries i Gemmes de massap\u00e0<\/h2>\n<p>Les Gl\u00f2ries s\u00f3n uns suaus pastissets de Massap\u00e0 recoberts de sucre glas, mentre que les Gemmes s\u00f3n pastissets de Massap\u00e0 amb el cor farcit de rovell i recoberts de sucre glac\u00e9.<\/p>\n","protected":false},"featured_media":6652,"comment_status":"open","ping_status":"closed","template":"","meta":[],"product_brand":[],"product_cat":[147],"product_tag":[],"class_list":{"0":"post-6918","1":"product","2":"type-product","3":"status-publish","4":"has-post-thumbnail","6":"product_cat-productes-de-massapa","8":"first","9":"outofstock","10":"featured","11":"shipping-taxable","12":"purchasable","13":"product-type-simple"},"_links":{"self":[{"href":"https:\/\/turronessirvent.com\/ca\/wp-json\/wp\/v2\/product\/6918","targetHints":{"allow":["GET"]}}],"collection":[{"href":"https:\/\/turronessirvent.com\/ca\/wp-json\/wp\/v2\/product"}],"about":[{"href":"https:\/\/turronessirvent.com\/ca\/wp-json\/wp\/v2\/types\/product"}],"replies":[{"embeddable":true,"href":"https:\/\/turronessirvent.com\/ca\/wp-json\/wp\/v2\/comments?post=6918"}],"wp:featuredmedia":[{"embeddable":true,"href":"https:\/\/turronessirvent.com\/ca\/wp-json\/wp\/v2\/media\/6652"}],"wp:attachment":[{"href":"https:\/\/turronessirvent.com\/ca\/wp-json\/wp\/v2\/media?parent=6918"}],"wp:term":[{"taxonomy":"product_brand","embeddable":true,"href":"https:\/\/turronessirvent.com\/ca\/wp-json\/wp\/v2\/product_brand?post=6918"},{"taxonomy":"product_cat","embeddable":true,"href":"https:\/\/turronessirvent.com\/ca\/wp-json\/wp\/v2\/product_cat?post=6918"},{"taxonomy":"product_tag","embeddable":true,"href":"https:\/\/turronessirvent.com\/ca\/wp-json\/wp\/v2\/product_tag?post=6918"}],"curies":[{"name":"wp","href":"https:\/\/api.w.org\/{rel}","templated":true}]}}