{"id":6958,"date":"2020-10-16T07:00:56","date_gmt":"2020-10-16T05:00:56","guid":{"rendered":"https:\/\/turronessirvent.com\/tienda\/comprar-polvorones-artesanos\/"},"modified":"2024-10-17T07:41:00","modified_gmt":"2024-10-17T05:41:00","slug":"comprar-polvorons-artesans","status":"publish","type":"product","link":"https:\/\/turronessirvent.com\/ca\/tienda\/comprar-polvorons-artesans\/","title":{"rendered":"Polvorons Artesans"},"content":{"rendered":"<p>Els nostres polvorons estan elaborats amb ametlles torrades, picades i fornejades que, conjuntament amb un subtil toc de canyella i llimona, li atorguen un sabor molt especial.<\/p>\n<p>Ideals per menjar-los amb un bon caf\u00e8, faran de la seva sobretaula un moment molt agradable.<\/p>\n<p>Es presenta en caixes de 500gr.<\/p>\n","protected":false},"excerpt":{"rendered":"<h2>Polvorons artesans, un cl\u00e0ssic per Nadal<\/h2>\n<p>Un indispensable a la seva taula sobretot despr\u00e9s de gaudir d&#8217;un bon \u00e0pat i acompanyat d&#8217;un caf\u00e8.<\/p>\n","protected":false},"featured_media":6612,"comment_status":"open","ping_status":"closed","template":"","meta":[],"product_brand":[],"product_cat":[129],"product_tag":[],"class_list":{"0":"post-6958","1":"product","2":"type-product","3":"status-publish","4":"has-post-thumbnail","6":"product_cat-productes-d-ametlla","8":"first","9":"instock","10":"featured","11":"shipping-taxable","12":"purchasable","13":"product-type-simple"},"_links":{"self":[{"href":"https:\/\/turronessirvent.com\/ca\/wp-json\/wp\/v2\/product\/6958","targetHints":{"allow":["GET"]}}],"collection":[{"href":"https:\/\/turronessirvent.com\/ca\/wp-json\/wp\/v2\/product"}],"about":[{"href":"https:\/\/turronessirvent.com\/ca\/wp-json\/wp\/v2\/types\/product"}],"replies":[{"embeddable":true,"href":"https:\/\/turronessirvent.com\/ca\/wp-json\/wp\/v2\/comments?post=6958"}],"wp:featuredmedia":[{"embeddable":true,"href":"https:\/\/turronessirvent.com\/ca\/wp-json\/wp\/v2\/media\/6612"}],"wp:attachment":[{"href":"https:\/\/turronessirvent.com\/ca\/wp-json\/wp\/v2\/media?parent=6958"}],"wp:term":[{"taxonomy":"product_brand","embeddable":true,"href":"https:\/\/turronessirvent.com\/ca\/wp-json\/wp\/v2\/product_brand?post=6958"},{"taxonomy":"product_cat","embeddable":true,"href":"https:\/\/turronessirvent.com\/ca\/wp-json\/wp\/v2\/product_cat?post=6958"},{"taxonomy":"product_tag","embeddable":true,"href":"https:\/\/turronessirvent.com\/ca\/wp-json\/wp\/v2\/product_tag?post=6958"}],"curies":[{"name":"wp","href":"https:\/\/api.w.org\/{rel}","templated":true}]}}