{"id":6978,"date":"2020-10-16T07:00:56","date_gmt":"2020-10-16T05:00:56","guid":{"rendered":"https:\/\/turronessirvent.com\/tienda\/comprar-peladillas-artesanas\/"},"modified":"2025-09-22T12:46:18","modified_gmt":"2025-09-22T10:46:18","slug":"comprar-confits-de-ametlles","status":"publish","type":"product","link":"https:\/\/turronessirvent.com\/ca\/tienda\/comprar-confits-de-ametlles\/","title":{"rendered":"Confits Artesans"},"content":{"rendered":"<p><strong>Confits d&#8217;ametlles torrades i canyella.<\/strong><\/p>\n<p>Recobertes de sucre. \u00c9s un dol\u00e7 indispensable que far\u00e0 les del\u00edcies de petits i grans, sobretot per la seva elaboraci\u00f3 artesana i la gran qualitat dels seus ingredients.<\/p>\n<p>Es subministra en borsa de cel\u00b7lofana de 200gr.<\/p>\n","protected":false},"excerpt":{"rendered":"<h2>Confits d&#8217;ametlles torrades i canyella<\/h2>\n<p>Les nostres millors ametlles torrades amb un lleuger toc de canyella i recobertes de sucre.<\/p>\n","protected":false},"featured_media":6624,"comment_status":"open","ping_status":"closed","template":"","meta":[],"product_brand":[],"product_cat":[129],"product_tag":[],"class_list":{"0":"post-6978","1":"product","2":"type-product","3":"status-publish","4":"has-post-thumbnail","6":"product_cat-productes-d-ametlla","8":"first","9":"outofstock","10":"featured","11":"shipping-taxable","12":"purchasable","13":"product-type-simple"},"_links":{"self":[{"href":"https:\/\/turronessirvent.com\/ca\/wp-json\/wp\/v2\/product\/6978","targetHints":{"allow":["GET"]}}],"collection":[{"href":"https:\/\/turronessirvent.com\/ca\/wp-json\/wp\/v2\/product"}],"about":[{"href":"https:\/\/turronessirvent.com\/ca\/wp-json\/wp\/v2\/types\/product"}],"replies":[{"embeddable":true,"href":"https:\/\/turronessirvent.com\/ca\/wp-json\/wp\/v2\/comments?post=6978"}],"wp:featuredmedia":[{"embeddable":true,"href":"https:\/\/turronessirvent.com\/ca\/wp-json\/wp\/v2\/media\/6624"}],"wp:attachment":[{"href":"https:\/\/turronessirvent.com\/ca\/wp-json\/wp\/v2\/media?parent=6978"}],"wp:term":[{"taxonomy":"product_brand","embeddable":true,"href":"https:\/\/turronessirvent.com\/ca\/wp-json\/wp\/v2\/product_brand?post=6978"},{"taxonomy":"product_cat","embeddable":true,"href":"https:\/\/turronessirvent.com\/ca\/wp-json\/wp\/v2\/product_cat?post=6978"},{"taxonomy":"product_tag","embeddable":true,"href":"https:\/\/turronessirvent.com\/ca\/wp-json\/wp\/v2\/product_tag?post=6978"}],"curies":[{"name":"wp","href":"https:\/\/api.w.org\/{rel}","templated":true}]}}