{"id":6867,"date":"2020-10-16T07:00:57","date_gmt":"2020-10-16T05:00:57","guid":{"rendered":"https:\/\/turronessirvent.com\/tienda\/comprar-turron-terronico\/"},"modified":"2024-10-15T13:10:40","modified_gmt":"2024-10-15T11:10:40","slug":"buy-nougat-terronico","status":"publish","type":"product","link":"https:\/\/turronessirvent.com\/en\/tienda\/buy-nougat-terronico\/","title":{"rendered":"Nougat Terronico"},"content":{"rendered":"<p>It is made with highly caramelized honey to which selected almonds with skin and sesame are added.<\/p>\n<p>It comes in two crunchy tablets.<\/p>\n<p>Available in 400gr format. approximately<\/p>\n","protected":false},"excerpt":{"rendered":"<h2>Turr\u00f3n Terronico, crujiente, delicioso<\/h2>\n<p>Quiz\u00e1 uno de nuestros turrones artesanos m\u00e1s especiales con miel, que le da ese crujido tan especial gracias al proceso de caramelizaci\u00f3n.<\/p>\n","protected":false},"featured_media":7087,"comment_status":"open","ping_status":"closed","template":"","meta":[],"product_brand":[],"product_cat":[151],"product_tag":[],"class_list":{"0":"post-6867","1":"product","2":"type-product","3":"status-publish","4":"has-post-thumbnail","6":"product_cat-nougat-artisans","8":"first","9":"outofstock","10":"featured","11":"shipping-taxable","12":"purchasable","13":"product-type-simple"},"_links":{"self":[{"href":"https:\/\/turronessirvent.com\/en\/wp-json\/wp\/v2\/product\/6867","targetHints":{"allow":["GET"]}}],"collection":[{"href":"https:\/\/turronessirvent.com\/en\/wp-json\/wp\/v2\/product"}],"about":[{"href":"https:\/\/turronessirvent.com\/en\/wp-json\/wp\/v2\/types\/product"}],"replies":[{"embeddable":true,"href":"https:\/\/turronessirvent.com\/en\/wp-json\/wp\/v2\/comments?post=6867"}],"wp:featuredmedia":[{"embeddable":true,"href":"https:\/\/turronessirvent.com\/en\/wp-json\/wp\/v2\/media\/7087"}],"wp:attachment":[{"href":"https:\/\/turronessirvent.com\/en\/wp-json\/wp\/v2\/media?parent=6867"}],"wp:term":[{"taxonomy":"product_brand","embeddable":true,"href":"https:\/\/turronessirvent.com\/en\/wp-json\/wp\/v2\/product_brand?post=6867"},{"taxonomy":"product_cat","embeddable":true,"href":"https:\/\/turronessirvent.com\/en\/wp-json\/wp\/v2\/product_cat?post=6867"},{"taxonomy":"product_tag","embeddable":true,"href":"https:\/\/turronessirvent.com\/en\/wp-json\/wp\/v2\/product_tag?post=6867"}],"curies":[{"name":"wp","href":"https:\/\/api.w.org\/{rel}","templated":true}]}}