{"id":2704,"date":"2015-05-18T15:53:14","date_gmt":"2015-05-18T15:53:14","guid":{"rendered":"http:\/\/turronessirvent.com\/fr\/historia-de-turrones-sirvent\/"},"modified":"2023-11-22T09:57:14","modified_gmt":"2023-11-22T08:57:14","slug":"histoire","status":"publish","type":"page","link":"https:\/\/turronessirvent.com\/fr\/histoire\/","title":{"rendered":"HISTOIRE"},"content":{"rendered":"<p style=\"text-align: justify;\">L&rsquo;histoire de notre entreprise remonte \u00e0 1920, dans laquelle M<strong>. Thomas Sirvent Planelles<\/strong>, Xixona fabricant de nougat, a \u00e9t\u00e9 \u00e9tabli \u00e0 Barcelone dans le quartier gothique de la ville, dans les Freixures de rue, march\u00e9 prochaine Santa Caterina.<\/p>\n<p style=\"text-align: justify;\">Plus tard, en 1943, <strong>M. Thomas Sirvent Pla<\/strong>, fils de l&rsquo;ancien, a d\u00e9m\u00e9nag\u00e9 \u00e0 l&rsquo;adresse actuelle de notre entreprise sur Parliament Street dans le centre de l&rsquo;Eixample Barceloni diversification \u00e0 travers les ann\u00e9es, notre offre de se faire une r\u00e9putation dans horchata, <\/span><span title=\"helados, granizados y turrones. \">la cr\u00e8me glac\u00e9e, des boissons glac\u00e9es et bonbons.<\/p>\n<p style=\"text-align: justify;\">Aujourd&rsquo;hui, notre soci\u00e9t\u00e9 a une \u00e9quipe de 12 personnes, auxquelles il faut ajouter ceux qui travaillent dans notre usine de Xixona, responsable du d\u00e9veloppement de nougats artisanaux nous commercialisons sous le nom de <strong>Horchateria &#8211; Turroneria Sirvent de Barcelona<\/strong>. Dans ce sens, nous offrons \u00e0 nos clients une large gamme d&rsquo;artisans de nougat.<\/p>\n<p style=\"text-align: justify;\"><img decoding=\"async\" class=\"alignright size-full wp-image-825\" src=\"https:\/\/turronessirvent.com\/wp-content\/uploads\/2015\/05\/historia.png\" alt=\"historia\" width=\"169\" height=\"136\" srcset=\"https:\/\/turronessirvent.com\/wp-content\/uploads\/2015\/05\/historia-147x118.png 147w, https:\/\/turronessirvent.com\/wp-content\/uploads\/2015\/05\/historia.png 169w\" sizes=\"(max-width: 169px) 100vw, 169px\" \/>La qualit\u00e9 et l&rsquo;artisanat ont toujours \u00e9t\u00e9 la marque de notre entreprise, si bien que le nougat exportation vers les cinq continents, parce que nos clients envoient \u00e0 leurs proches nos produits. Nous pr\u00e9parons aussi des diff\u00e9rents lots et cadeaux d&rsquo;entreprise.<\/p>\n<p style=\"text-align: justify;\">Le go\u00fbt et le respect de la m\u00e9thodologie traditionnelle est devenue la meilleure publicit\u00e9 de notre entreprise, qui, depuis plus de quatre-vingts ans, a trouv\u00e9 une place dans le coeur de Barcelone.<\/p>\n<p>Actuellement, la propri\u00e9t\u00e9 est g\u00e9r\u00e9e par Ivonne Sirvent, fille de Thomas Sirvent Pla avec son mari Jos\u00e9 Antonio Mullor et fils de ceux-ci, Didac Mullor Sirvent, petit-fils de Thomas Sirvent Pla, qui repr\u00e9sente la quatri\u00e8me g\u00e9n\u00e9ration de cette famille authentique horchateros enseignants et nougats Jijona.<\/p>\n","protected":false},"excerpt":{"rendered":"<p>L&rsquo;histoire de notre entreprise remonte \u00e0 1920, dans laquelle M.  [&#8230;]<\/p>\n","protected":false},"author":11,"featured_media":821,"parent":0,"menu_order":0,"comment_status":"open","ping_status":"open","template":"100-width.php","meta":{"footnotes":""},"class_list":["post-2704","page","type-page","status-publish","has-post-thumbnail","hentry"],"_links":{"self":[{"href":"https:\/\/turronessirvent.com\/fr\/wp-json\/wp\/v2\/pages\/2704","targetHints":{"allow":["GET"]}}],"collection":[{"href":"https:\/\/turronessirvent.com\/fr\/wp-json\/wp\/v2\/pages"}],"about":[{"href":"https:\/\/turronessirvent.com\/fr\/wp-json\/wp\/v2\/types\/page"}],"author":[{"embeddable":true,"href":"https:\/\/turronessirvent.com\/fr\/wp-json\/wp\/v2\/users\/11"}],"replies":[{"embeddable":true,"href":"https:\/\/turronessirvent.com\/fr\/wp-json\/wp\/v2\/comments?post=2704"}],"version-history":[{"count":4,"href":"https:\/\/turronessirvent.com\/fr\/wp-json\/wp\/v2\/pages\/2704\/revisions"}],"predecessor-version":[{"id":4117,"href":"https:\/\/turronessirvent.com\/fr\/wp-json\/wp\/v2\/pages\/2704\/revisions\/4117"}],"wp:featuredmedia":[{"embeddable":true,"href":"https:\/\/turronessirvent.com\/fr\/wp-json\/wp\/v2\/media\/821"}],"wp:attachment":[{"href":"https:\/\/turronessirvent.com\/fr\/wp-json\/wp\/v2\/media?parent=2704"}],"curies":[{"name":"wp","href":"https:\/\/api.w.org\/{rel}","templated":true}]}}