{"id":2721,"date":"2015-05-18T16:14:17","date_gmt":"2015-05-18T16:14:17","guid":{"rendered":"http:\/\/turronessirvent.com\/fr\/elaboracion-del-turron\/"},"modified":"2025-09-10T09:25:57","modified_gmt":"2025-09-10T07:25:57","slug":"developpement","status":"publish","type":"page","link":"https:\/\/turronessirvent.com\/fr\/developpement\/","title":{"rendered":"D\u00c9VELOPPEMENT"},"content":{"rendered":"<p style=\"text-align: justify;\"><strong><img decoding=\"async\" class=\"alignright size-medium wp-image-972\" src=\"https:\/\/turronessirvent.com\/wp-content\/uploads\/2015\/05\/IMG_1001-225x300.jpg\" alt=\"IMG_1001\" width=\"225\" height=\"300\" srcset=\"https:\/\/turronessirvent.com\/wp-content\/uploads\/2015\/05\/IMG_1001-225x300.jpg 225w, https:\/\/turronessirvent.com\/wp-content\/uploads\/2015\/05\/IMG_1001-600x800.jpg 600w, https:\/\/turronessirvent.com\/wp-content\/uploads\/2015\/05\/IMG_1001-768x1024.jpg 768w, https:\/\/turronessirvent.com\/wp-content\/uploads\/2015\/05\/IMG_1001.jpg 1536w\" sizes=\"(max-width: 225px) 100vw, 225px\" \/><\/strong><\/p>\n<p data-start=\"91\" data-end=\"254\">Nous sommes des artisans nougatiers depuis 1920, avec<strong> 85 ann\u00e9es d\u2019exp\u00e9rience<\/strong> qui garantissent que nos douceurs sont d\u2019une qualit\u00e9 supr\u00eame et authentique.<\/p>\n<p data-start=\"256\" data-end=\"814\">Elles sont \u00e9labor\u00e9es avec les meilleures mati\u00e8res premi\u00e8res du secteur, en utilisant des amandes Marcona s\u00e9lectionn\u00e9es, du miel de romarin authentique et de la plus haute puret\u00e9, soigneusement choisies pour toujours offrir la meilleure saveur. Le processus de fabrication est enti\u00e8rement artisanal ; en fait, nous sommes la seule turroner\u00eda de Barcelone \u00e0 poss\u00e9der notre propre usine situ\u00e9e \u00e0 Jijona. Nous travaillons avec des formules et des m\u00e9thodes de production h\u00e9rit\u00e9es de nos anc\u00eatres pendant des si\u00e8cles, <em data-start=\"776\" data-end=\"809\">c<\/em>onservant intacte la tradition.<\/p>\n<p data-start=\"816\" data-end=\"1089\">Le d\u00e9vouement envers notre produit nous a permis de satisfaire nos clients de la meilleure mani\u00e8re possible, en nous engageant toujours \u00e0 leur offrir un nougat de qualit\u00e9 supr\u00eame, enti\u00e8rement fait \u00e0 la main, avec passion, affection et respect pour notre h\u00e9ritage.<\/p>\n","protected":false},"excerpt":{"rendered":"<p>Nous sommes des artisans nougatiers depuis 1920, avec 85 ann\u00e9es  [&#8230;]<\/p>\n","protected":false},"author":11,"featured_media":0,"parent":0,"menu_order":0,"comment_status":"open","ping_status":"open","template":"","meta":{"footnotes":""},"class_list":["post-2721","page","type-page","status-publish","hentry"],"_links":{"self":[{"href":"https:\/\/turronessirvent.com\/fr\/wp-json\/wp\/v2\/pages\/2721","targetHints":{"allow":["GET"]}}],"collection":[{"href":"https:\/\/turronessirvent.com\/fr\/wp-json\/wp\/v2\/pages"}],"about":[{"href":"https:\/\/turronessirvent.com\/fr\/wp-json\/wp\/v2\/types\/page"}],"author":[{"embeddable":true,"href":"https:\/\/turronessirvent.com\/fr\/wp-json\/wp\/v2\/users\/11"}],"replies":[{"embeddable":true,"href":"https:\/\/turronessirvent.com\/fr\/wp-json\/wp\/v2\/comments?post=2721"}],"version-history":[{"count":3,"href":"https:\/\/turronessirvent.com\/fr\/wp-json\/wp\/v2\/pages\/2721\/revisions"}],"predecessor-version":[{"id":10007,"href":"https:\/\/turronessirvent.com\/fr\/wp-json\/wp\/v2\/pages\/2721\/revisions\/10007"}],"wp:attachment":[{"href":"https:\/\/turronessirvent.com\/fr\/wp-json\/wp\/v2\/media?parent=2721"}],"curies":[{"name":"wp","href":"https:\/\/api.w.org\/{rel}","templated":true}]}}