{"id":6788,"date":"2020-10-16T07:00:56","date_gmt":"2020-10-16T05:00:56","guid":{"rendered":"https:\/\/turronessirvent.com\/tienda\/turron-de-jijona-granulado\/"},"modified":"2024-10-15T13:10:41","modified_gmt":"2024-10-15T11:10:41","slug":"nougat-granule-de-jijona-acheter-en-ligne","status":"publish","type":"product","link":"https:\/\/turronessirvent.com\/fr\/tienda\/nougat-granule-de-jijona-acheter-en-ligne\/","title":{"rendered":"Jijona Nougat granul\u00e9"},"content":{"rendered":"<p>Il est le nougat classique par excellence, est fait avec des amandes grill\u00e9es et de miel.<\/p>\n<p>Comme le fin nougat Jijona sa pr\u00e9paration est trait\u00e9e avec le plus grand soin.<\/p>\n<p>Ce nougat est pass\u00e9 \u00e0 travers le \u00ab\u00a0Boixet\u00a0\u00bb pour m\u00e9langer le miel et d&rsquo;amandes grill\u00e9es, de cr\u00e9er une structure de palais mou<\/p>\n<p>Fourni en deux tailles d&rsquo;environ 420gr et 620gr.<\/p>\n<p>Ces poids sont approximatifs, \u00e9tant une production enti\u00e8rement \u00e0 la main ne peut pas \u00eatre crev\u00e9 avec une pr\u00e9cision suffisante.<\/p>\n","protected":false},"excerpt":{"rendered":"<h2>Jijona Nougat granul\u00e9<\/h2>\n<p>Il est le nougat classique par excellence, est fait avec des amandes grill\u00e9es et de miel.<\/p>\n<p>Fourni en deux tailles d&rsquo;environ 420gr et 620gr.<\/p>\n","protected":false},"featured_media":7004,"comment_status":"open","ping_status":"closed","template":"","meta":[],"product_brand":[],"product_cat":[138],"product_tag":[],"class_list":{"0":"post-6788","1":"product","2":"type-product","3":"status-publish","4":"has-post-thumbnail","6":"product_cat-nougat-classique","8":"first","9":"instock","10":"featured","11":"shipping-taxable","12":"purchasable","13":"product-type-variable"},"_links":{"self":[{"href":"https:\/\/turronessirvent.com\/fr\/wp-json\/wp\/v2\/product\/6788","targetHints":{"allow":["GET"]}}],"collection":[{"href":"https:\/\/turronessirvent.com\/fr\/wp-json\/wp\/v2\/product"}],"about":[{"href":"https:\/\/turronessirvent.com\/fr\/wp-json\/wp\/v2\/types\/product"}],"replies":[{"embeddable":true,"href":"https:\/\/turronessirvent.com\/fr\/wp-json\/wp\/v2\/comments?post=6788"}],"wp:featuredmedia":[{"embeddable":true,"href":"https:\/\/turronessirvent.com\/fr\/wp-json\/wp\/v2\/media\/7004"}],"wp:attachment":[{"href":"https:\/\/turronessirvent.com\/fr\/wp-json\/wp\/v2\/media?parent=6788"}],"wp:term":[{"taxonomy":"product_brand","embeddable":true,"href":"https:\/\/turronessirvent.com\/fr\/wp-json\/wp\/v2\/product_brand?post=6788"},{"taxonomy":"product_cat","embeddable":true,"href":"https:\/\/turronessirvent.com\/fr\/wp-json\/wp\/v2\/product_cat?post=6788"},{"taxonomy":"product_tag","embeddable":true,"href":"https:\/\/turronessirvent.com\/fr\/wp-json\/wp\/v2\/product_tag?post=6788"}],"curies":[{"name":"wp","href":"https:\/\/api.w.org\/{rel}","templated":true}]}}