{"id":6809,"date":"2020-10-16T07:00:57","date_gmt":"2020-10-16T05:00:57","guid":{"rendered":"https:\/\/turronessirvent.com\/tienda\/comprar-turron-duro-de-alicante\/"},"modified":"2025-12-20T17:39:02","modified_gmt":"2025-12-20T16:39:02","slug":"acheter-nougat-dur-alicante-en-ligne","status":"publish","type":"product","link":"https:\/\/turronessirvent.com\/fr\/tienda\/acheter-nougat-dur-alicante-en-ligne\/","title":{"rendered":"Nougat d&rsquo;Alicante"},"content":{"rendered":"<p>Fabriqu\u00e9 avec des amandes Marcona de qualit\u00e9 sup\u00e9rieure et miel de romarin mieux.<\/p>\n<p>Un produit tr\u00e8s sp\u00e9cial qui ravira toute heure du jour.<\/p>\n<p>Fourni en deux tailles d&rsquo;environ 420gr et 620gr.<\/p>\n<p>Notre processus de l&rsquo;artisanat et la coupe ne peut pas mesurer avec pr\u00e9cision le poids de chaque partie de cette magnifique nougat Alicante.<\/p>\n","protected":false},"excerpt":{"rendered":"<h2>Nougat d&rsquo;Alicante avec les meilleures amandes<\/h2>\n<p>Populairement connue comme \u00abnougat dur\u00a0\u00bb.<\/p>\n<p>Fourni en deux tailles d&rsquo;environ 420gr et 620gr.<\/p>\n","protected":false},"featured_media":7020,"comment_status":"open","ping_status":"closed","template":"","meta":[],"product_brand":[],"product_cat":[138],"product_tag":[],"class_list":{"0":"post-6809","1":"product","2":"type-product","3":"status-publish","4":"has-post-thumbnail","6":"product_cat-nougat-classique","8":"first","9":"outofstock","10":"featured","11":"shipping-taxable","12":"purchasable","13":"product-type-variable"},"_links":{"self":[{"href":"https:\/\/turronessirvent.com\/fr\/wp-json\/wp\/v2\/product\/6809","targetHints":{"allow":["GET"]}}],"collection":[{"href":"https:\/\/turronessirvent.com\/fr\/wp-json\/wp\/v2\/product"}],"about":[{"href":"https:\/\/turronessirvent.com\/fr\/wp-json\/wp\/v2\/types\/product"}],"replies":[{"embeddable":true,"href":"https:\/\/turronessirvent.com\/fr\/wp-json\/wp\/v2\/comments?post=6809"}],"wp:featuredmedia":[{"embeddable":true,"href":"https:\/\/turronessirvent.com\/fr\/wp-json\/wp\/v2\/media\/7020"}],"wp:attachment":[{"href":"https:\/\/turronessirvent.com\/fr\/wp-json\/wp\/v2\/media?parent=6809"}],"wp:term":[{"taxonomy":"product_brand","embeddable":true,"href":"https:\/\/turronessirvent.com\/fr\/wp-json\/wp\/v2\/product_brand?post=6809"},{"taxonomy":"product_cat","embeddable":true,"href":"https:\/\/turronessirvent.com\/fr\/wp-json\/wp\/v2\/product_cat?post=6809"},{"taxonomy":"product_tag","embeddable":true,"href":"https:\/\/turronessirvent.com\/fr\/wp-json\/wp\/v2\/product_tag?post=6809"}],"curies":[{"name":"wp","href":"https:\/\/api.w.org\/{rel}","templated":true}]}}