{"id":6821,"date":"2020-10-16T07:00:56","date_gmt":"2020-10-16T05:00:56","guid":{"rendered":"https:\/\/turronessirvent.com\/tienda\/comprar-turron-de-yema-tostada\/"},"modified":"2025-12-20T17:41:51","modified_gmt":"2025-12-20T16:41:51","slug":"acheter-nougat-au-jaune-doeuf-grille","status":"publish","type":"product","link":"https:\/\/turronessirvent.com\/fr\/tienda\/acheter-nougat-au-jaune-doeuf-grille\/","title":{"rendered":"Nougat au jaune d&rsquo;oeuf grill\u00e9"},"content":{"rendered":"<p>La production de ce d\u00e9licieux nougat est tous les jours, car pour lui donner la texture id\u00e9ale, le sucre est br\u00fbl\u00e9 tous les jours pour l&#8217;emp\u00eacher de s\u00e9cher.<\/p>\n<p>Il est disponible dans les tailles 420g et 620g.<\/p>\n","protected":false},"excerpt":{"rendered":"<h2>Nougat au jaune d&rsquo;oeuf grill\u00e9 et sucre<\/h2>\n<p>Fabriqu\u00e9 avec du jaune d&rsquo;\u0153uf naturel et du sucre de premi\u00e8re qualit\u00e9.<\/p>\n<p>Il est disponible dans les tailles 420g et 620g.<\/p>\n","protected":false},"featured_media":7024,"comment_status":"open","ping_status":"closed","template":"","meta":[],"product_brand":[],"product_cat":[152],"product_tag":[],"class_list":{"0":"post-6821","1":"product","2":"type-product","3":"status-publish","4":"has-post-thumbnail","6":"product_cat-artisan-nougat","8":"first","9":"instock","10":"featured","11":"shipping-taxable","12":"purchasable","13":"product-type-variable"},"_links":{"self":[{"href":"https:\/\/turronessirvent.com\/fr\/wp-json\/wp\/v2\/product\/6821","targetHints":{"allow":["GET"]}}],"collection":[{"href":"https:\/\/turronessirvent.com\/fr\/wp-json\/wp\/v2\/product"}],"about":[{"href":"https:\/\/turronessirvent.com\/fr\/wp-json\/wp\/v2\/types\/product"}],"replies":[{"embeddable":true,"href":"https:\/\/turronessirvent.com\/fr\/wp-json\/wp\/v2\/comments?post=6821"}],"wp:featuredmedia":[{"embeddable":true,"href":"https:\/\/turronessirvent.com\/fr\/wp-json\/wp\/v2\/media\/7024"}],"wp:attachment":[{"href":"https:\/\/turronessirvent.com\/fr\/wp-json\/wp\/v2\/media?parent=6821"}],"wp:term":[{"taxonomy":"product_brand","embeddable":true,"href":"https:\/\/turronessirvent.com\/fr\/wp-json\/wp\/v2\/product_brand?post=6821"},{"taxonomy":"product_cat","embeddable":true,"href":"https:\/\/turronessirvent.com\/fr\/wp-json\/wp\/v2\/product_cat?post=6821"},{"taxonomy":"product_tag","embeddable":true,"href":"https:\/\/turronessirvent.com\/fr\/wp-json\/wp\/v2\/product_tag?post=6821"}],"curies":[{"name":"wp","href":"https:\/\/api.w.org\/{rel}","templated":true}]}}