{"id":6833,"date":"2020-10-16T07:00:56","date_gmt":"2020-10-16T05:00:56","guid":{"rendered":"https:\/\/turronessirvent.com\/tienda\/comprar-turron-de-mazapan-con-frutas\/"},"modified":"2025-12-20T17:39:05","modified_gmt":"2025-12-20T16:39:05","slug":"acheter-massepain-nougat-aux-fruits","status":"publish","type":"product","link":"https:\/\/turronessirvent.com\/fr\/tienda\/acheter-massepain-nougat-aux-fruits\/","title":{"rendered":"Nougat massepain aux fruits"},"content":{"rendered":"<p>Nougat exquis fait avec des fruits confits pr\u00e9alablement s\u00e9lectionn\u00e9s qui sont ajout\u00e9s au massepain que nous fabriquons \u00e0 Jijona.<\/p>\n<p>Contient: citrouille, past\u00e8que et cerises.<\/p>\n<p>ourni en deux tailles d&rsquo;environ 420gr et 620gr.<\/p>\n","protected":false},"excerpt":{"rendered":"<h2>Nougat au massepain aux fruits s\u00e9lectionn\u00e9s et confits<\/h2>\n<p>Nougat exquis \u00e0 base de notre p\u00e2te d&rsquo;amande traditionnelle Jijona, auquel nous ajoutons des fruits confits pr\u00e9alablement s\u00e9lectionn\u00e9s.<\/p>\n<p>Fourni en deux tailles d&rsquo;environ 420gr et 620gr.<\/p>\n","protected":false},"featured_media":7040,"comment_status":"open","ping_status":"closed","template":"","meta":[],"product_brand":[],"product_cat":[152],"product_tag":[],"class_list":{"0":"post-6833","1":"product","2":"type-product","3":"status-publish","4":"has-post-thumbnail","6":"product_cat-artisan-nougat","8":"first","9":"outofstock","10":"featured","11":"shipping-taxable","12":"purchasable","13":"product-type-variable"},"_links":{"self":[{"href":"https:\/\/turronessirvent.com\/fr\/wp-json\/wp\/v2\/product\/6833","targetHints":{"allow":["GET"]}}],"collection":[{"href":"https:\/\/turronessirvent.com\/fr\/wp-json\/wp\/v2\/product"}],"about":[{"href":"https:\/\/turronessirvent.com\/fr\/wp-json\/wp\/v2\/types\/product"}],"replies":[{"embeddable":true,"href":"https:\/\/turronessirvent.com\/fr\/wp-json\/wp\/v2\/comments?post=6833"}],"wp:featuredmedia":[{"embeddable":true,"href":"https:\/\/turronessirvent.com\/fr\/wp-json\/wp\/v2\/media\/7040"}],"wp:attachment":[{"href":"https:\/\/turronessirvent.com\/fr\/wp-json\/wp\/v2\/media?parent=6833"}],"wp:term":[{"taxonomy":"product_brand","embeddable":true,"href":"https:\/\/turronessirvent.com\/fr\/wp-json\/wp\/v2\/product_brand?post=6833"},{"taxonomy":"product_cat","embeddable":true,"href":"https:\/\/turronessirvent.com\/fr\/wp-json\/wp\/v2\/product_cat?post=6833"},{"taxonomy":"product_tag","embeddable":true,"href":"https:\/\/turronessirvent.com\/fr\/wp-json\/wp\/v2\/product_tag?post=6833"}],"curies":[{"name":"wp","href":"https:\/\/api.w.org\/{rel}","templated":true}]}}