{"id":6847,"date":"2020-10-16T07:00:57","date_gmt":"2020-10-16T05:00:57","guid":{"rendered":"https:\/\/turronessirvent.com\/tienda\/comprar-turron-de-chocolate-con-leche\/"},"modified":"2024-10-15T13:10:39","modified_gmt":"2024-10-15T11:10:39","slug":"acheter-chocolat-lait-nougat","status":"publish","type":"product","link":"https:\/\/turronessirvent.com\/fr\/tienda\/acheter-chocolat-lait-nougat\/","title":{"rendered":"Nougat au chocolat au lait"},"content":{"rendered":"<p>Ce nougat est m\u00e9lang\u00e9 \u00e0 nos meilleures amandes pour lui donner une saveur chocolat\u00e9e d\u00e9licieuse, douce et harmonieuse.<\/p>\n<p>Disponible dans les tailles 420g et 620g.<\/p>\n","protected":false},"excerpt":{"rendered":"<h2>Nougat au chocolat au lait m\u00e9lang\u00e9 aux amandes<\/h2>\n<p>Nougat spectaculaire fait de chocolat de qualit\u00e9 sup\u00e9rieure.<\/p>\n<p>Disponible dans les tailles 420g et 620g.<\/p>\n","protected":false},"featured_media":7056,"comment_status":"open","ping_status":"closed","template":"","meta":[],"product_brand":[],"product_cat":[152],"product_tag":[],"class_list":{"0":"post-6847","1":"product","2":"type-product","3":"status-publish","4":"has-post-thumbnail","6":"product_cat-artisan-nougat","8":"first","9":"outofstock","10":"featured","11":"shipping-taxable","12":"purchasable","13":"product-type-variable"},"_links":{"self":[{"href":"https:\/\/turronessirvent.com\/fr\/wp-json\/wp\/v2\/product\/6847","targetHints":{"allow":["GET"]}}],"collection":[{"href":"https:\/\/turronessirvent.com\/fr\/wp-json\/wp\/v2\/product"}],"about":[{"href":"https:\/\/turronessirvent.com\/fr\/wp-json\/wp\/v2\/types\/product"}],"replies":[{"embeddable":true,"href":"https:\/\/turronessirvent.com\/fr\/wp-json\/wp\/v2\/comments?post=6847"}],"wp:featuredmedia":[{"embeddable":true,"href":"https:\/\/turronessirvent.com\/fr\/wp-json\/wp\/v2\/media\/7056"}],"wp:attachment":[{"href":"https:\/\/turronessirvent.com\/fr\/wp-json\/wp\/v2\/media?parent=6847"}],"wp:term":[{"taxonomy":"product_brand","embeddable":true,"href":"https:\/\/turronessirvent.com\/fr\/wp-json\/wp\/v2\/product_brand?post=6847"},{"taxonomy":"product_cat","embeddable":true,"href":"https:\/\/turronessirvent.com\/fr\/wp-json\/wp\/v2\/product_cat?post=6847"},{"taxonomy":"product_tag","embeddable":true,"href":"https:\/\/turronessirvent.com\/fr\/wp-json\/wp\/v2\/product_tag?post=6847"}],"curies":[{"name":"wp","href":"https:\/\/api.w.org\/{rel}","templated":true}]}}