{"id":6860,"date":"2020-10-16T07:00:56","date_gmt":"2020-10-16T05:00:56","guid":{"rendered":"https:\/\/turronessirvent.com\/tienda\/comprar-turron-de-chocolate-negro\/"},"modified":"2024-10-15T13:10:41","modified_gmt":"2024-10-15T11:10:41","slug":"acheter-chocolat-noir-nougat","status":"publish","type":"product","link":"https:\/\/turronessirvent.com\/fr\/tienda\/acheter-chocolat-noir-nougat\/","title":{"rendered":"Nougat au chocolat noir"},"content":{"rendered":"<p>Ce nougat au chocolat est m\u00e9lang\u00e9 avec nos meilleures amandes pour lui donner une saveur d\u00e9licieuse avec une touche am\u00e8re qui lui donne une saveur tr\u00e8s caract\u00e9ristique.<\/p>\n<p>Ce nougat est disponible en format 420g et 620g.<\/p>\n","protected":false},"excerpt":{"rendered":"<h2>Nougat au chocolat noir de la meilleure qualit\u00e9<\/h2>\n<p>Le nougat au chocolat noir est compos\u00e9 de chocolats s\u00e9lectionn\u00e9s de qualit\u00e9 sup\u00e9rieure.<\/p>\n<p>Ce nougat est disponible en format 420g et 620g.<\/p>\n","protected":false},"featured_media":7072,"comment_status":"open","ping_status":"closed","template":"","meta":[],"product_brand":[],"product_cat":[152],"product_tag":[],"class_list":{"0":"post-6860","1":"product","2":"type-product","3":"status-publish","4":"has-post-thumbnail","6":"product_cat-artisan-nougat","8":"first","9":"instock","10":"featured","11":"shipping-taxable","12":"purchasable","13":"product-type-variable"},"_links":{"self":[{"href":"https:\/\/turronessirvent.com\/fr\/wp-json\/wp\/v2\/product\/6860","targetHints":{"allow":["GET"]}}],"collection":[{"href":"https:\/\/turronessirvent.com\/fr\/wp-json\/wp\/v2\/product"}],"about":[{"href":"https:\/\/turronessirvent.com\/fr\/wp-json\/wp\/v2\/types\/product"}],"replies":[{"embeddable":true,"href":"https:\/\/turronessirvent.com\/fr\/wp-json\/wp\/v2\/comments?post=6860"}],"wp:featuredmedia":[{"embeddable":true,"href":"https:\/\/turronessirvent.com\/fr\/wp-json\/wp\/v2\/media\/7072"}],"wp:attachment":[{"href":"https:\/\/turronessirvent.com\/fr\/wp-json\/wp\/v2\/media?parent=6860"}],"wp:term":[{"taxonomy":"product_brand","embeddable":true,"href":"https:\/\/turronessirvent.com\/fr\/wp-json\/wp\/v2\/product_brand?post=6860"},{"taxonomy":"product_cat","embeddable":true,"href":"https:\/\/turronessirvent.com\/fr\/wp-json\/wp\/v2\/product_cat?post=6860"},{"taxonomy":"product_tag","embeddable":true,"href":"https:\/\/turronessirvent.com\/fr\/wp-json\/wp\/v2\/product_tag?post=6860"}],"curies":[{"name":"wp","href":"https:\/\/api.w.org\/{rel}","templated":true}]}}