{"id":6868,"date":"2020-10-16T07:00:57","date_gmt":"2020-10-16T05:00:57","guid":{"rendered":"https:\/\/turronessirvent.com\/tienda\/comprar-turron-terronico\/"},"modified":"2024-10-15T13:10:40","modified_gmt":"2024-10-15T11:10:40","slug":"acheter-nougat-terronico","status":"publish","type":"product","link":"https:\/\/turronessirvent.com\/fr\/tienda\/acheter-nougat-terronico\/","title":{"rendered":"Nougat Terronico"},"content":{"rendered":"<p>Il est fait de miel hautement caram\u00e9lis\u00e9 auquel sont ajout\u00e9s des amandes s\u00e9lectionn\u00e9es avec la peau et du s\u00e9same.<\/p>\n<p>Il est livr\u00e9 en deux comprim\u00e9s croquants.<\/p>\n<p>Disponible au format 400gr. environ<\/p>\n","protected":false},"excerpt":{"rendered":"<h2>Terronico Nougat, croquant, d\u00e9licieux<\/h2>\n<p>Peut-\u00eatre l&rsquo;un de nos nougats artisanaux au miel les plus sp\u00e9ciaux, ce qui lui donne ce croustillant sp\u00e9cial gr\u00e2ce au processus de caram\u00e9lisation.<\/p>\n","protected":false},"featured_media":7088,"comment_status":"open","ping_status":"closed","template":"","meta":[],"product_brand":[],"product_cat":[152],"product_tag":[],"class_list":{"0":"post-6868","1":"product","2":"type-product","3":"status-publish","4":"has-post-thumbnail","6":"product_cat-artisan-nougat","8":"first","9":"outofstock","10":"featured","11":"shipping-taxable","12":"purchasable","13":"product-type-simple"},"_links":{"self":[{"href":"https:\/\/turronessirvent.com\/fr\/wp-json\/wp\/v2\/product\/6868","targetHints":{"allow":["GET"]}}],"collection":[{"href":"https:\/\/turronessirvent.com\/fr\/wp-json\/wp\/v2\/product"}],"about":[{"href":"https:\/\/turronessirvent.com\/fr\/wp-json\/wp\/v2\/types\/product"}],"replies":[{"embeddable":true,"href":"https:\/\/turronessirvent.com\/fr\/wp-json\/wp\/v2\/comments?post=6868"}],"wp:featuredmedia":[{"embeddable":true,"href":"https:\/\/turronessirvent.com\/fr\/wp-json\/wp\/v2\/media\/7088"}],"wp:attachment":[{"href":"https:\/\/turronessirvent.com\/fr\/wp-json\/wp\/v2\/media?parent=6868"}],"wp:term":[{"taxonomy":"product_brand","embeddable":true,"href":"https:\/\/turronessirvent.com\/fr\/wp-json\/wp\/v2\/product_brand?post=6868"},{"taxonomy":"product_cat","embeddable":true,"href":"https:\/\/turronessirvent.com\/fr\/wp-json\/wp\/v2\/product_cat?post=6868"},{"taxonomy":"product_tag","embeddable":true,"href":"https:\/\/turronessirvent.com\/fr\/wp-json\/wp\/v2\/product_tag?post=6868"}],"curies":[{"name":"wp","href":"https:\/\/api.w.org\/{rel}","templated":true}]}}