{"id":6891,"date":"2020-10-16T07:00:56","date_gmt":"2020-10-16T05:00:56","guid":{"rendered":"https:\/\/turronessirvent.com\/tienda\/comprar-turron-de-mazapan-con-nueces\/"},"modified":"2025-12-20T17:39:05","modified_gmt":"2025-12-20T16:39:05","slug":"acheter-massepain-nougat-aux-noix","status":"publish","type":"product","link":"https:\/\/turronessirvent.com\/fr\/tienda\/acheter-massepain-nougat-aux-noix\/","title":{"rendered":"Nougat massepain aux noix"},"content":{"rendered":"<p>Le nougat massepain aux noix est l&rsquo;une de nos saveurs les plus sp\u00e9ciales, il ajoute aux saveurs de cannelle et de citron la combinaison de noix qui lui donne une saveur indescriptible.<\/p>\n<p>Fourni en deux tailles d&rsquo;environ 420gr et 620gr.<\/p>\n","protected":false},"excerpt":{"rendered":"<h2>Nougat massepain aux noix de la meilleure qualit\u00e9<\/h2>\n<p>Vari\u00e9t\u00e9 de notre nougat artisanal au massepain auquel sont ajout\u00e9s des noix de la meilleure qualit\u00e9.<\/p>\n<p>Fourni en deux tailles d&rsquo;environ 420gr et 620gr.<\/p>\n","protected":false},"featured_media":7120,"comment_status":"open","ping_status":"closed","template":"","meta":[],"product_brand":[],"product_cat":[152],"product_tag":[],"class_list":{"0":"post-6891","1":"product","2":"type-product","3":"status-publish","4":"has-post-thumbnail","6":"product_cat-artisan-nougat","8":"first","9":"outofstock","10":"featured","11":"shipping-taxable","12":"purchasable","13":"product-type-variable"},"_links":{"self":[{"href":"https:\/\/turronessirvent.com\/fr\/wp-json\/wp\/v2\/product\/6891","targetHints":{"allow":["GET"]}}],"collection":[{"href":"https:\/\/turronessirvent.com\/fr\/wp-json\/wp\/v2\/product"}],"about":[{"href":"https:\/\/turronessirvent.com\/fr\/wp-json\/wp\/v2\/types\/product"}],"replies":[{"embeddable":true,"href":"https:\/\/turronessirvent.com\/fr\/wp-json\/wp\/v2\/comments?post=6891"}],"wp:featuredmedia":[{"embeddable":true,"href":"https:\/\/turronessirvent.com\/fr\/wp-json\/wp\/v2\/media\/7120"}],"wp:attachment":[{"href":"https:\/\/turronessirvent.com\/fr\/wp-json\/wp\/v2\/media?parent=6891"}],"wp:term":[{"taxonomy":"product_brand","embeddable":true,"href":"https:\/\/turronessirvent.com\/fr\/wp-json\/wp\/v2\/product_brand?post=6891"},{"taxonomy":"product_cat","embeddable":true,"href":"https:\/\/turronessirvent.com\/fr\/wp-json\/wp\/v2\/product_cat?post=6891"},{"taxonomy":"product_tag","embeddable":true,"href":"https:\/\/turronessirvent.com\/fr\/wp-json\/wp\/v2\/product_tag?post=6891"}],"curies":[{"name":"wp","href":"https:\/\/api.w.org\/{rel}","templated":true}]}}