{"id":6904,"date":"2020-10-16T07:00:57","date_gmt":"2020-10-16T05:00:57","guid":{"rendered":"https:\/\/turronessirvent.com\/tienda\/comprar-turron-de-guirlache\/"},"modified":"2025-12-20T17:39:08","modified_gmt":"2025-12-20T16:39:08","slug":"acheter-nougat-de-guirlache","status":"publish","type":"product","link":"https:\/\/turronessirvent.com\/fr\/tienda\/acheter-nougat-de-guirlache\/","title":{"rendered":"Nougat de guirlache"},"content":{"rendered":"<p>La saveur de ce nougat Guirlache est tr\u00e8s particuli\u00e8re, elle vous surprendra.<\/p>\n<p>Ce nougat est disponible en format 420g et 620g.<\/p>\n","protected":false},"excerpt":{"rendered":"<h2>Nougat de Guirlache : vous serez surpris par sa saveur<\/h2>\n<p>Probablement le moins connu de nos turrones classiques, mais pas moins d\u00e9licieux pour autant.<\/p>\n<p>Le Turr\u00f3n de guirlache est fabriqu\u00e9 avec des amandes et du miel grill\u00e9 pour lui donner une texture tr\u00e8s croquante.<\/p>\n","protected":false},"featured_media":7136,"comment_status":"open","ping_status":"closed","template":"","meta":[],"product_brand":[],"product_cat":[138],"product_tag":[],"class_list":{"0":"post-6904","1":"product","2":"type-product","3":"status-publish","4":"has-post-thumbnail","6":"product_cat-nougat-classique","8":"first","9":"outofstock","10":"featured","11":"shipping-taxable","12":"purchasable","13":"product-type-variable"},"_links":{"self":[{"href":"https:\/\/turronessirvent.com\/fr\/wp-json\/wp\/v2\/product\/6904","targetHints":{"allow":["GET"]}}],"collection":[{"href":"https:\/\/turronessirvent.com\/fr\/wp-json\/wp\/v2\/product"}],"about":[{"href":"https:\/\/turronessirvent.com\/fr\/wp-json\/wp\/v2\/types\/product"}],"replies":[{"embeddable":true,"href":"https:\/\/turronessirvent.com\/fr\/wp-json\/wp\/v2\/comments?post=6904"}],"wp:featuredmedia":[{"embeddable":true,"href":"https:\/\/turronessirvent.com\/fr\/wp-json\/wp\/v2\/media\/7136"}],"wp:attachment":[{"href":"https:\/\/turronessirvent.com\/fr\/wp-json\/wp\/v2\/media?parent=6904"}],"wp:term":[{"taxonomy":"product_brand","embeddable":true,"href":"https:\/\/turronessirvent.com\/fr\/wp-json\/wp\/v2\/product_brand?post=6904"},{"taxonomy":"product_cat","embeddable":true,"href":"https:\/\/turronessirvent.com\/fr\/wp-json\/wp\/v2\/product_cat?post=6904"},{"taxonomy":"product_tag","embeddable":true,"href":"https:\/\/turronessirvent.com\/fr\/wp-json\/wp\/v2\/product_tag?post=6904"}],"curies":[{"name":"wp","href":"https:\/\/api.w.org\/{rel}","templated":true}]}}