{"id":6913,"date":"2020-10-16T07:00:56","date_gmt":"2020-10-16T05:00:56","guid":{"rendered":"https:\/\/turronessirvent.com\/tienda\/comprar-tortas-de-alicante\/"},"modified":"2020-10-19T12:52:04","modified_gmt":"2020-10-19T10:52:04","slug":"acheter-gateaux-dalicante","status":"publish","type":"product","link":"https:\/\/turronessirvent.com\/fr\/tienda\/acheter-gateaux-dalicante\/","title":{"rendered":"G\u00e2teaux d&rsquo;Alicante"},"content":{"rendered":"<p>Les g\u00e2teaux d&rsquo;Alicante sont id\u00e9aux pour les amateurs de nougat d&rsquo;Alicante dans un format plus fin.<\/p>\n<p>Il est pr\u00e9sent\u00e9 dans un format unique d&rsquo;environ 200gr<\/p>\n","protected":false},"excerpt":{"rendered":"<h2>G\u00e2teaux fins et d\u00e9licieux d&rsquo;Alicante<\/h2>\n<p>\u00c0 partir de notre nougat d&rsquo;Alicante classique, les g\u00e2teaux sont moul\u00e9s pour obtenir une fine couche.<\/p>\n","protected":false},"featured_media":6622,"comment_status":"open","ping_status":"closed","template":"","meta":[],"product_brand":[],"product_cat":[131],"product_tag":[],"class_list":{"0":"post-6913","1":"product","2":"type-product","3":"status-publish","4":"has-post-thumbnail","6":"product_cat-produits-aux-amandes","8":"first","9":"instock","10":"featured","11":"shipping-taxable","12":"purchasable","13":"product-type-simple"},"_links":{"self":[{"href":"https:\/\/turronessirvent.com\/fr\/wp-json\/wp\/v2\/product\/6913","targetHints":{"allow":["GET"]}}],"collection":[{"href":"https:\/\/turronessirvent.com\/fr\/wp-json\/wp\/v2\/product"}],"about":[{"href":"https:\/\/turronessirvent.com\/fr\/wp-json\/wp\/v2\/types\/product"}],"replies":[{"embeddable":true,"href":"https:\/\/turronessirvent.com\/fr\/wp-json\/wp\/v2\/comments?post=6913"}],"wp:featuredmedia":[{"embeddable":true,"href":"https:\/\/turronessirvent.com\/fr\/wp-json\/wp\/v2\/media\/6622"}],"wp:attachment":[{"href":"https:\/\/turronessirvent.com\/fr\/wp-json\/wp\/v2\/media?parent=6913"}],"wp:term":[{"taxonomy":"product_brand","embeddable":true,"href":"https:\/\/turronessirvent.com\/fr\/wp-json\/wp\/v2\/product_brand?post=6913"},{"taxonomy":"product_cat","embeddable":true,"href":"https:\/\/turronessirvent.com\/fr\/wp-json\/wp\/v2\/product_cat?post=6913"},{"taxonomy":"product_tag","embeddable":true,"href":"https:\/\/turronessirvent.com\/fr\/wp-json\/wp\/v2\/product_tag?post=6913"}],"curies":[{"name":"wp","href":"https:\/\/api.w.org\/{rel}","templated":true}]}}