{"id":6920,"date":"2020-10-16T07:00:57","date_gmt":"2020-10-16T05:00:57","guid":{"rendered":"https:\/\/turronessirvent.com\/tienda\/comprar-glorias-y-yemas-de-mazapan\/"},"modified":"2020-10-20T07:03:31","modified_gmt":"2020-10-20T05:03:31","slug":"acheter-glorias-et-jaunes-de-massepain","status":"publish","type":"product","link":"https:\/\/turronessirvent.com\/fr\/tienda\/acheter-glorias-et-jaunes-de-massepain\/","title":{"rendered":"Glorias et Jaunes de massepain"},"content":{"rendered":"<h3>Achetez des Gloires et des Jaunes de Massepain faits \u00e0 la main<\/h3>\n<p>Livr\u00e9 en boite de 500gr.<\/p>\n","protected":false},"excerpt":{"rendered":"<h2>Excellentes Gloires et Jaunes de massepain<\/h2>\n<p>Les Glorias sont des g\u00e2teaux de massepain moelleux enrob\u00e9s de sucre glace, tandis que les Yemas sont des g\u00e2teaux de massepain dont le c\u0153ur est rempli de jaune et recouvert de sucre glace.<\/p>\n","protected":false},"featured_media":6654,"comment_status":"open","ping_status":"closed","template":"","meta":[],"product_brand":[],"product_cat":[149],"product_tag":[],"class_list":{"0":"post-6920","1":"product","2":"type-product","3":"status-publish","4":"has-post-thumbnail","6":"product_cat-produits-de-massepain","8":"first","9":"outofstock","10":"featured","11":"shipping-taxable","12":"purchasable","13":"product-type-simple"},"_links":{"self":[{"href":"https:\/\/turronessirvent.com\/fr\/wp-json\/wp\/v2\/product\/6920","targetHints":{"allow":["GET"]}}],"collection":[{"href":"https:\/\/turronessirvent.com\/fr\/wp-json\/wp\/v2\/product"}],"about":[{"href":"https:\/\/turronessirvent.com\/fr\/wp-json\/wp\/v2\/types\/product"}],"replies":[{"embeddable":true,"href":"https:\/\/turronessirvent.com\/fr\/wp-json\/wp\/v2\/comments?post=6920"}],"wp:featuredmedia":[{"embeddable":true,"href":"https:\/\/turronessirvent.com\/fr\/wp-json\/wp\/v2\/media\/6654"}],"wp:attachment":[{"href":"https:\/\/turronessirvent.com\/fr\/wp-json\/wp\/v2\/media?parent=6920"}],"wp:term":[{"taxonomy":"product_brand","embeddable":true,"href":"https:\/\/turronessirvent.com\/fr\/wp-json\/wp\/v2\/product_brand?post=6920"},{"taxonomy":"product_cat","embeddable":true,"href":"https:\/\/turronessirvent.com\/fr\/wp-json\/wp\/v2\/product_cat?post=6920"},{"taxonomy":"product_tag","embeddable":true,"href":"https:\/\/turronessirvent.com\/fr\/wp-json\/wp\/v2\/product_tag?post=6920"}],"curies":[{"name":"wp","href":"https:\/\/api.w.org\/{rel}","templated":true}]}}