{"id":6951,"date":"2020-10-16T07:00:57","date_gmt":"2020-10-16T05:00:57","guid":{"rendered":"https:\/\/turronessirvent.com\/tienda\/comprar-turron-de-coco-y-chocolate\/"},"modified":"2025-12-20T17:39:12","modified_gmt":"2025-12-20T16:39:12","slug":"acheter-nougat-coco-et-chocolat","status":"publish","type":"product","link":"https:\/\/turronessirvent.com\/fr\/tienda\/acheter-nougat-coco-et-chocolat\/","title":{"rendered":"Nougat \u00e0 la noix de coco et au chocolat"},"content":{"rendered":"<p>Ce magnifique nougat est l&rsquo;un des plus sp\u00e9ciaux, il est compos\u00e9 de diff\u00e9rentes couches de noix de coco finement r\u00e2p\u00e9e, d&rsquo;amandes et de chocolat noir, le m\u00e9lange des trois saveurs apporte une saveur intense et une explosion de nuances tr\u00e8s uniques \u00e0 votre palais.<\/p>\n<p>Disponible dans les tailles 420g et 620g.<\/p>\n","protected":false},"excerpt":{"rendered":"<h2>Nougat \u00e0 la noix de coco et au chocolat. Un m\u00e9lange de saveur intense<\/h2>\n<p>Ce nougat sp\u00e9cial est compos\u00e9 de plusieurs couches de noix de coco r\u00e2p\u00e9e, d&rsquo;amandes et de chocolat noir. Saveur incomparable, c&rsquo;est d\u00e9licieux. Il est connu sous le nom de cocochoco.<\/p>\n<p>Disponible dans les tailles 420g et 620g.<\/p>\n","protected":false},"featured_media":7172,"comment_status":"open","ping_status":"closed","template":"","meta":[],"product_brand":[],"product_cat":[152],"product_tag":[],"class_list":{"0":"post-6951","1":"product","2":"type-product","3":"status-publish","4":"has-post-thumbnail","6":"product_cat-artisan-nougat","8":"first","9":"outofstock","10":"featured","11":"shipping-taxable","12":"purchasable","13":"product-type-variable"},"_links":{"self":[{"href":"https:\/\/turronessirvent.com\/fr\/wp-json\/wp\/v2\/product\/6951","targetHints":{"allow":["GET"]}}],"collection":[{"href":"https:\/\/turronessirvent.com\/fr\/wp-json\/wp\/v2\/product"}],"about":[{"href":"https:\/\/turronessirvent.com\/fr\/wp-json\/wp\/v2\/types\/product"}],"replies":[{"embeddable":true,"href":"https:\/\/turronessirvent.com\/fr\/wp-json\/wp\/v2\/comments?post=6951"}],"wp:featuredmedia":[{"embeddable":true,"href":"https:\/\/turronessirvent.com\/fr\/wp-json\/wp\/v2\/media\/7172"}],"wp:attachment":[{"href":"https:\/\/turronessirvent.com\/fr\/wp-json\/wp\/v2\/media?parent=6951"}],"wp:term":[{"taxonomy":"product_brand","embeddable":true,"href":"https:\/\/turronessirvent.com\/fr\/wp-json\/wp\/v2\/product_brand?post=6951"},{"taxonomy":"product_cat","embeddable":true,"href":"https:\/\/turronessirvent.com\/fr\/wp-json\/wp\/v2\/product_cat?post=6951"},{"taxonomy":"product_tag","embeddable":true,"href":"https:\/\/turronessirvent.com\/fr\/wp-json\/wp\/v2\/product_tag?post=6951"}],"curies":[{"name":"wp","href":"https:\/\/api.w.org\/{rel}","templated":true}]}}