{"id":6960,"date":"2020-10-16T07:00:56","date_gmt":"2020-10-16T05:00:56","guid":{"rendered":"https:\/\/turronessirvent.com\/tienda\/comprar-polvorones-artesanos\/"},"modified":"2020-10-20T09:19:36","modified_gmt":"2020-10-20T07:19:36","slug":"acheter-polvorones-artisans","status":"publish","type":"product","link":"https:\/\/turronessirvent.com\/fr\/tienda\/acheter-polvorones-artisans\/","title":{"rendered":"Polvorones artisans"},"content":{"rendered":"<p>Nos polvorones sont fabriqu\u00e9es avec des amandes grill\u00e9es, hach\u00e9es et cuites au four qui, associ\u00e9es \u00e0 une subtile touche de cannelle et de citron, lui conf\u00e8rent une saveur tr\u00e8s particuli\u00e8re.<\/p>\n<p>Id\u00e9al pour manger avec un bon caf\u00e9, ils feront de votre apr\u00e8s-d\u00eener un moment tr\u00e8s agr\u00e9able.<\/p>\n<p>Il est livr\u00e9 en bo\u00eetes de 500gr.<\/p>\n","protected":false},"excerpt":{"rendered":"<h2>Polvorones artisanales, un classique \u00e0 No\u00ebl<\/h2>\n<p>Un incontournable \u00e0 votre table, surtout apr\u00e8s avoir d\u00e9gust\u00e9 un bon repas et accompagn\u00e9 d&rsquo;un caf\u00e9.<\/p>\n","protected":false},"featured_media":6614,"comment_status":"open","ping_status":"closed","template":"","meta":[],"product_brand":[],"product_cat":[131],"product_tag":[],"class_list":{"0":"post-6960","1":"product","2":"type-product","3":"status-publish","4":"has-post-thumbnail","6":"product_cat-produits-aux-amandes","8":"first","9":"instock","10":"featured","11":"shipping-taxable","12":"purchasable","13":"product-type-simple"},"_links":{"self":[{"href":"https:\/\/turronessirvent.com\/fr\/wp-json\/wp\/v2\/product\/6960","targetHints":{"allow":["GET"]}}],"collection":[{"href":"https:\/\/turronessirvent.com\/fr\/wp-json\/wp\/v2\/product"}],"about":[{"href":"https:\/\/turronessirvent.com\/fr\/wp-json\/wp\/v2\/types\/product"}],"replies":[{"embeddable":true,"href":"https:\/\/turronessirvent.com\/fr\/wp-json\/wp\/v2\/comments?post=6960"}],"wp:featuredmedia":[{"embeddable":true,"href":"https:\/\/turronessirvent.com\/fr\/wp-json\/wp\/v2\/media\/6614"}],"wp:attachment":[{"href":"https:\/\/turronessirvent.com\/fr\/wp-json\/wp\/v2\/media?parent=6960"}],"wp:term":[{"taxonomy":"product_brand","embeddable":true,"href":"https:\/\/turronessirvent.com\/fr\/wp-json\/wp\/v2\/product_brand?post=6960"},{"taxonomy":"product_cat","embeddable":true,"href":"https:\/\/turronessirvent.com\/fr\/wp-json\/wp\/v2\/product_cat?post=6960"},{"taxonomy":"product_tag","embeddable":true,"href":"https:\/\/turronessirvent.com\/fr\/wp-json\/wp\/v2\/product_tag?post=6960"}],"curies":[{"name":"wp","href":"https:\/\/api.w.org\/{rel}","templated":true}]}}