{"id":6971,"date":"2020-10-16T07:00:56","date_gmt":"2020-10-16T05:00:56","guid":{"rendered":"https:\/\/turronessirvent.com\/tienda\/comprar-almendras-rellenas\/"},"modified":"2025-12-20T17:39:15","modified_gmt":"2025-12-20T16:39:15","slug":"acheter-amandes-farcies","status":"publish","type":"product","link":"https:\/\/turronessirvent.com\/fr\/tienda\/acheter-amandes-farcies\/","title":{"rendered":"Amandes farcies"},"content":{"rendered":"<p>Enrob\u00e9 d&rsquo;une fine plaquette en forme d&rsquo;amande, ce qui lui donne une saveur tr\u00e8s particuli\u00e8re.<\/p>\n<p>Livr\u00e9 en formats 200gr et 500gr.<\/p>\n","protected":false},"excerpt":{"rendered":"<h2>Amandes farcies exquises, une fine gaufrette remplie de nougat<\/h2>\n<p>Fabriqu\u00e9 avec un nougat tr\u00e8s doux qui contient des amandes grill\u00e9es, de la cannelle et du citron.<\/p>\n","protected":false},"featured_media":6646,"comment_status":"open","ping_status":"closed","template":"","meta":[],"product_brand":[],"product_cat":[131],"product_tag":[],"class_list":{"0":"post-6971","1":"product","2":"type-product","3":"status-publish","4":"has-post-thumbnail","6":"product_cat-produits-aux-amandes","8":"first","9":"outofstock","10":"featured","11":"shipping-taxable","12":"purchasable","13":"product-type-variable"},"_links":{"self":[{"href":"https:\/\/turronessirvent.com\/fr\/wp-json\/wp\/v2\/product\/6971","targetHints":{"allow":["GET"]}}],"collection":[{"href":"https:\/\/turronessirvent.com\/fr\/wp-json\/wp\/v2\/product"}],"about":[{"href":"https:\/\/turronessirvent.com\/fr\/wp-json\/wp\/v2\/types\/product"}],"replies":[{"embeddable":true,"href":"https:\/\/turronessirvent.com\/fr\/wp-json\/wp\/v2\/comments?post=6971"}],"wp:featuredmedia":[{"embeddable":true,"href":"https:\/\/turronessirvent.com\/fr\/wp-json\/wp\/v2\/media\/6646"}],"wp:attachment":[{"href":"https:\/\/turronessirvent.com\/fr\/wp-json\/wp\/v2\/media?parent=6971"}],"wp:term":[{"taxonomy":"product_brand","embeddable":true,"href":"https:\/\/turronessirvent.com\/fr\/wp-json\/wp\/v2\/product_brand?post=6971"},{"taxonomy":"product_cat","embeddable":true,"href":"https:\/\/turronessirvent.com\/fr\/wp-json\/wp\/v2\/product_cat?post=6971"},{"taxonomy":"product_tag","embeddable":true,"href":"https:\/\/turronessirvent.com\/fr\/wp-json\/wp\/v2\/product_tag?post=6971"}],"curies":[{"name":"wp","href":"https:\/\/api.w.org\/{rel}","templated":true}]}}