{"id":6980,"date":"2020-10-16T07:00:56","date_gmt":"2020-10-16T05:00:56","guid":{"rendered":"https:\/\/turronessirvent.com\/tienda\/comprar-peladillas-artesanas\/"},"modified":"2020-10-20T10:27:55","modified_gmt":"2020-10-20T08:27:55","slug":"acheter-amandes-confites","status":"publish","type":"product","link":"https:\/\/turronessirvent.com\/fr\/tienda\/acheter-amandes-confites\/","title":{"rendered":"Amandes confites"},"content":{"rendered":"<p>Enrob\u00e9 de sucre. C&rsquo;est un bonbon indispensable qui ravira petits et grands, notamment pour sa production artisanale et la grande qualit\u00e9 de ses ingr\u00e9dients.<\/p>\n<p>Livr\u00e9 dans un sachet cellophane de 200gr.<\/p>\n","protected":false},"excerpt":{"rendered":"<h2>Amandes confites grill\u00e9es et cannelle<\/h2>\n<p>Nos meilleures amandes grill\u00e9es avec une l\u00e9g\u00e8re touche de cannelle et enrob\u00e9es de sucre. Un plaisir de les savourer.<\/p>\n","protected":false},"featured_media":6626,"comment_status":"open","ping_status":"closed","template":"","meta":[],"product_brand":[],"product_cat":[131],"product_tag":[],"class_list":{"0":"post-6980","1":"product","2":"type-product","3":"status-publish","4":"has-post-thumbnail","6":"product_cat-produits-aux-amandes","8":"first","9":"outofstock","10":"featured","11":"shipping-taxable","12":"purchasable","13":"product-type-simple"},"_links":{"self":[{"href":"https:\/\/turronessirvent.com\/fr\/wp-json\/wp\/v2\/product\/6980","targetHints":{"allow":["GET"]}}],"collection":[{"href":"https:\/\/turronessirvent.com\/fr\/wp-json\/wp\/v2\/product"}],"about":[{"href":"https:\/\/turronessirvent.com\/fr\/wp-json\/wp\/v2\/types\/product"}],"replies":[{"embeddable":true,"href":"https:\/\/turronessirvent.com\/fr\/wp-json\/wp\/v2\/comments?post=6980"}],"wp:featuredmedia":[{"embeddable":true,"href":"https:\/\/turronessirvent.com\/fr\/wp-json\/wp\/v2\/media\/6626"}],"wp:attachment":[{"href":"https:\/\/turronessirvent.com\/fr\/wp-json\/wp\/v2\/media?parent=6980"}],"wp:term":[{"taxonomy":"product_brand","embeddable":true,"href":"https:\/\/turronessirvent.com\/fr\/wp-json\/wp\/v2\/product_brand?post=6980"},{"taxonomy":"product_cat","embeddable":true,"href":"https:\/\/turronessirvent.com\/fr\/wp-json\/wp\/v2\/product_cat?post=6980"},{"taxonomy":"product_tag","embeddable":true,"href":"https:\/\/turronessirvent.com\/fr\/wp-json\/wp\/v2\/product_tag?post=6980"}],"curies":[{"name":"wp","href":"https:\/\/api.w.org\/{rel}","templated":true}]}}